{"id":3226,"date":"2025-12-15T13:02:30","date_gmt":"2025-12-15T13:02:30","guid":{"rendered":"https:\/\/eferaki.de\/?page_id=3226"},"modified":"2026-02-09T12:28:43","modified_gmt":"2026-02-09T12:28:43","slug":"efe-raki-bayilerimiz","status":"publish","type":"page","link":"https:\/\/eferaki.de\/de\/efe-raki-bayilerimiz\/","title":{"rendered":"Efe Rak\u0131 Bayilerimiz"},"content":{"rendered":"<div data-elementor-type=\"wp-post\" data-elementor-id=\"3226\" class=\"elementor elementor-3226\">\n\t\t\t\t\t\t<section class=\"elementor-section elementor-top-section elementor-element elementor-element-be439a8 elementor-section-stretched elementor-section-full_width elementor-section-height-default elementor-section-height-default wpr-particle-no wpr-jarallax-no wpr-parallax-no wpr-sticky-section-no\" data-id=\"be439a8\" data-element_type=\"section\" data-settings=\"{&quot;stretch_section&quot;:&quot;section-stretched&quot;}\">\n\t\t\t\t\t\t<div class=\"elementor-container elementor-column-gap-no\">\n\t\t\t\t\t<div class=\"elementor-column elementor-col-100 elementor-top-column elementor-element elementor-element-adeb31d\" data-id=\"adeb31d\" data-element_type=\"column\">\n\t\t\t<div class=\"elementor-widget-wrap\">\n\t\t\t\t\t\t\t<\/div>\n\t\t<\/div>\n\t\t\t\t\t<\/div>\n\t\t<\/section>\n\t\t\t\t<section class=\"elementor-section elementor-top-section elementor-element elementor-element-92aa683 elementor-section-stretched elementor-section-full_width elementor-section-height-default elementor-section-height-default wpr-particle-no wpr-jarallax-no wpr-parallax-no wpr-sticky-section-no\" data-id=\"92aa683\" data-element_type=\"section\" data-settings=\"{&quot;stretch_section&quot;:&quot;section-stretched&quot;}\">\n\t\t\t\t\t\t<div class=\"elementor-container elementor-column-gap-no\">\n\t\t\t\t\t<div class=\"elementor-column elementor-col-100 elementor-top-column elementor-element elementor-element-c111410\" data-id=\"c111410\" data-element_type=\"column\">\n\t\t\t<div class=\"elementor-widget-wrap\">\n\t\t\t\t\t\t\t<\/div>\n\t\t<\/div>\n\t\t\t\t\t<\/div>\n\t\t<\/section>\n\t\t\t\t<section class=\"elementor-section elementor-top-section elementor-element elementor-element-2c1311d elementor-section-boxed elementor-section-height-default elementor-section-height-default wpr-particle-no wpr-jarallax-no wpr-parallax-no wpr-sticky-section-no\" data-id=\"2c1311d\" data-element_type=\"section\">\n\t\t\t\t\t\t<div class=\"elementor-container elementor-column-gap-no\">\n\t\t\t\t\t<div class=\"elementor-column elementor-col-100 elementor-top-column elementor-element elementor-element-e239213\" data-id=\"e239213\" data-element_type=\"column\" data-settings=\"{&quot;background_background&quot;:&quot;classic&quot;}\">\n\t\t\t<div class=\"elementor-widget-wrap elementor-element-populated\">\n\t\t\t\t\t\t<div class=\"elementor-element elementor-element-3414f7f elementor-widget elementor-widget-heading\" data-id=\"3414f7f\" data-element_type=\"widget\" data-widget_type=\"heading.default\">\n\t\t\t\t<div class=\"elementor-widget-container\">\n\t\t\t\t\t<h2 class=\"elementor-heading-title elementor-size-default\">EFE RAKI BAY\u0130LER\u0130M\u0130Z<\/h2>\t\t\t\t<\/div>\n\t\t\t\t<\/div>\n\t\t\t\t\t<\/div>\n\t\t<\/div>\n\t\t\t\t\t<\/div>\n\t\t<\/section>\n\t\t<div class=\"elementor-element elementor-element-c64f35d e-grid e-con-full wpr-particle-no wpr-jarallax-no wpr-parallax-no wpr-sticky-section-no e-con e-parent\" data-id=\"c64f35d\" data-element_type=\"container\">\n\t\t\t\t<div class=\"elementor-element elementor-element-516c013 e-transform e-transform elementor-widget elementor-widget-image\" data-id=\"516c013\" data-element_type=\"widget\" data-settings=\"{&quot;_transform_scale_effect_hover&quot;:{&quot;unit&quot;:&quot;px&quot;,&quot;size&quot;:1,&quot;sizes&quot;:[]},&quot;_transform_rotateZ_effect_hover&quot;:{&quot;unit&quot;:&quot;px&quot;,&quot;size&quot;:&quot;&quot;,&quot;sizes&quot;:[]},&quot;_transform_rotateZ_effect_hover_tablet&quot;:{&quot;unit&quot;:&quot;deg&quot;,&quot;size&quot;:&quot;&quot;,&quot;sizes&quot;:[]},&quot;_transform_rotateZ_effect_hover_mobile&quot;:{&quot;unit&quot;:&quot;deg&quot;,&quot;size&quot;:&quot;&quot;,&quot;sizes&quot;:[]},&quot;_transform_scale_effect_hover_tablet&quot;:{&quot;unit&quot;:&quot;px&quot;,&quot;size&quot;:&quot;&quot;,&quot;sizes&quot;:[]},&quot;_transform_scale_effect_hover_mobile&quot;:{&quot;unit&quot;:&quot;px&quot;,&quot;size&quot;:&quot;&quot;,&quot;sizes&quot;:[]}}\" data-widget_type=\"image.default\">\n\t\t\t\t<div class=\"elementor-widget-container\">\n\t\t\t\t\t\t\t\t\t\t\t\t\t\t\t<img fetchpriority=\"high\" decoding=\"async\" width=\"600\" height=\"600\" src=\"https:\/\/eferaki.de\/wp-content\/uploads\/2026\/02\/avusturya.jpg\" class=\"attachment-large size-large wp-image-3286\" alt=\"\" srcset=\"https:\/\/eferaki.de\/wp-content\/uploads\/2026\/02\/avusturya.jpg 1024w, https:\/\/eferaki.de\/wp-content\/uploads\/2026\/02\/avusturya-300x300.jpg 300w, https:\/\/eferaki.de\/wp-content\/uploads\/2026\/02\/avusturya-150x150.jpg 150w, https:\/\/eferaki.de\/wp-content\/uploads\/2026\/02\/avusturya-768x768.jpg 768w, https:\/\/eferaki.de\/wp-content\/uploads\/2026\/02\/avusturya-12x12.jpg 12w, https:\/\/eferaki.de\/wp-content\/uploads\/2026\/02\/avusturya-700x700.jpg 700w\" sizes=\"(max-width: 600px) 100vw, 600px\" \/>\t\t\t\t\t\t\t\t\t\t\t\t\t\t\t<\/div>\n\t\t\t\t<\/div>\n\t\t\t\t<div class=\"elementor-element elementor-element-8828a81 elementor-widget elementor-widget-image\" data-id=\"8828a81\" data-element_type=\"widget\" data-widget_type=\"image.default\">\n\t\t\t\t<div class=\"elementor-widget-container\">\n\t\t\t\t\t\t\t\t\t\t\t\t\t\t\t<img decoding=\"async\" width=\"600\" height=\"600\" src=\"https:\/\/eferaki.de\/wp-content\/uploads\/2026\/02\/almanya.jpg\" class=\"attachment-large size-large wp-image-3285\" alt=\"\" srcset=\"https:\/\/eferaki.de\/wp-content\/uploads\/2026\/02\/almanya.jpg 1024w, https:\/\/eferaki.de\/wp-content\/uploads\/2026\/02\/almanya-300x300.jpg 300w, https:\/\/eferaki.de\/wp-content\/uploads\/2026\/02\/almanya-150x150.jpg 150w, https:\/\/eferaki.de\/wp-content\/uploads\/2026\/02\/almanya-768x768.jpg 768w, https:\/\/eferaki.de\/wp-content\/uploads\/2026\/02\/almanya-12x12.jpg 12w, https:\/\/eferaki.de\/wp-content\/uploads\/2026\/02\/almanya-700x700.jpg 700w\" sizes=\"(max-width: 600px) 100vw, 600px\" \/>\t\t\t\t\t\t\t\t\t\t\t\t\t\t\t<\/div>\n\t\t\t\t<\/div>\n\t\t\t\t<div class=\"elementor-element elementor-element-cd8bae9 elementor-widget elementor-widget-image\" data-id=\"cd8bae9\" data-element_type=\"widget\" data-widget_type=\"image.default\">\n\t\t\t\t<div class=\"elementor-widget-container\">\n\t\t\t\t\t\t\t\t\t\t\t\t\t\t\t<img decoding=\"async\" width=\"600\" height=\"600\" src=\"https:\/\/eferaki.de\/wp-content\/uploads\/2026\/02\/turkiye.jpg\" class=\"attachment-large size-large wp-image-3288\" alt=\"\" srcset=\"https:\/\/eferaki.de\/wp-content\/uploads\/2026\/02\/turkiye.jpg 1024w, https:\/\/eferaki.de\/wp-content\/uploads\/2026\/02\/turkiye-300x300.jpg 300w, https:\/\/eferaki.de\/wp-content\/uploads\/2026\/02\/turkiye-150x150.jpg 150w, https:\/\/eferaki.de\/wp-content\/uploads\/2026\/02\/turkiye-768x768.jpg 768w, https:\/\/eferaki.de\/wp-content\/uploads\/2026\/02\/turkiye-12x12.jpg 12w, https:\/\/eferaki.de\/wp-content\/uploads\/2026\/02\/turkiye-700x700.jpg 700w\" sizes=\"(max-width: 600px) 100vw, 600px\" \/>\t\t\t\t\t\t\t\t\t\t\t\t\t\t\t<\/div>\n\t\t\t\t<\/div>\n\t\t\t\t<div class=\"elementor-element elementor-element-840a880 elementor-widget elementor-widget-image\" data-id=\"840a880\" data-element_type=\"widget\" data-widget_type=\"image.default\">\n\t\t\t\t<div class=\"elementor-widget-container\">\n\t\t\t\t\t\t\t\t\t\t\t\t\t\t\t<img loading=\"lazy\" decoding=\"async\" width=\"600\" height=\"600\" src=\"https:\/\/eferaki.de\/wp-content\/uploads\/2026\/02\/fransa.jpeg\" class=\"attachment-large size-large wp-image-3287\" alt=\"\" srcset=\"https:\/\/eferaki.de\/wp-content\/uploads\/2026\/02\/fransa.jpeg 1024w, https:\/\/eferaki.de\/wp-content\/uploads\/2026\/02\/fransa-300x300.jpeg 300w, https:\/\/eferaki.de\/wp-content\/uploads\/2026\/02\/fransa-150x150.jpeg 150w, https:\/\/eferaki.de\/wp-content\/uploads\/2026\/02\/fransa-768x768.jpeg 768w, https:\/\/eferaki.de\/wp-content\/uploads\/2026\/02\/fransa-12x12.jpeg 12w, https:\/\/eferaki.de\/wp-content\/uploads\/2026\/02\/fransa-700x700.jpeg 700w\" sizes=\"(max-width: 600px) 100vw, 600px\" \/>\t\t\t\t\t\t\t\t\t\t\t\t\t\t\t<\/div>\n\t\t\t\t<\/div>\n\t\t\t\t<\/div>\n\t\t\t\t<\/div>","protected":false},"excerpt":{"rendered":"<p>EFE RAKI BAY\u0130LER\u0130M\u0130Z<\/p>","protected":false},"author":1,"featured_media":0,"parent":0,"menu_order":0,"comment_status":"closed","ping_status":"closed","template":"page-elementor.php","meta":{"_monsterinsights_skip_tracking":false,"_monsterinsights_sitenote_active":false,"_monsterinsights_sitenote_note":"","_monsterinsights_sitenote_category":0,"footnotes":""},"class_list":["post-3226","page","type-page","status-publish","hentry"],"aioseo_notices":[],"_links":{"self":[{"href":"https:\/\/eferaki.de\/de\/wp-json\/wp\/v2\/pages\/3226","targetHints":{"allow":["GET"]}}],"collection":[{"href":"https:\/\/eferaki.de\/de\/wp-json\/wp\/v2\/pages"}],"about":[{"href":"https:\/\/eferaki.de\/de\/wp-json\/wp\/v2\/types\/page"}],"author":[{"embeddable":true,"href":"https:\/\/eferaki.de\/de\/wp-json\/wp\/v2\/users\/1"}],"replies":[{"embeddable":true,"href":"https:\/\/eferaki.de\/de\/wp-json\/wp\/v2\/comments?post=3226"}],"version-history":[{"count":4,"href":"https:\/\/eferaki.de\/de\/wp-json\/wp\/v2\/pages\/3226\/revisions"}],"predecessor-version":[{"id":3291,"href":"https:\/\/eferaki.de\/de\/wp-json\/wp\/v2\/pages\/3226\/revisions\/3291"}],"wp:attachment":[{"href":"https:\/\/eferaki.de\/de\/wp-json\/wp\/v2\/media?parent=3226"}],"curies":[{"name":"wp","href":"https:\/\/api.w.org\/{rel}","templated":true}]}}