{"id":2742,"date":"2025-08-07T02:05:54","date_gmt":"2025-08-07T02:05:54","guid":{"rendered":"https:\/\/eferaki.de\/?page_id=2742"},"modified":"2025-08-19T12:41:34","modified_gmt":"2025-08-19T12:41:34","slug":"sarizeybek","status":"publish","type":"page","link":"https:\/\/eferaki.de\/de\/sarizeybek\/","title":{"rendered":"sarizeybek"},"content":{"rendered":"<div data-elementor-type=\"wp-post\" data-elementor-id=\"2742\" class=\"elementor elementor-2742\">\n\t\t\t\t<div class=\"elementor-element elementor-element-af3ed9c e-flex e-con-boxed wpr-particle-no wpr-jarallax-no wpr-parallax-no wpr-sticky-section-no e-con e-parent\" data-id=\"af3ed9c\" data-element_type=\"container\">\n\t\t\t\t\t<div class=\"e-con-inner\">\n\t\t\t\t<div class=\"elementor-element elementor-element-01317c4 elementor-widget elementor-widget-text-editor\" data-id=\"01317c4\" data-element_type=\"widget\" data-widget_type=\"text-editor.default\">\n\t\t\t\t<div class=\"elementor-widget-container\">\n\t\t\t\t\t        <div class=\"elementor-text-editor elementor-clearfix\"><\/div>\n        \t\t\t\t<\/div>\n\t\t\t\t<\/div>\n\t\t\t\t\t<\/div>\n\t\t\t\t<\/div>\n\t\t<div class=\"elementor-element elementor-element-616476d e-flex e-con-boxed wpr-particle-no wpr-jarallax-no wpr-parallax-no wpr-sticky-section-no e-con e-parent\" data-id=\"616476d\" data-element_type=\"container\">\n\t\t\t\t\t<div class=\"e-con-inner\">\n\t\t<div class=\"elementor-element elementor-element-271341d e-con-full e-flex wpr-particle-no wpr-jarallax-no wpr-parallax-no wpr-sticky-section-no e-con e-child\" data-id=\"271341d\" data-element_type=\"container\">\n\t\t<div class=\"elementor-element elementor-element-5d68c43 e-con-full e-flex wpr-particle-no wpr-jarallax-no wpr-parallax-no wpr-sticky-section-no e-con e-child\" data-id=\"5d68c43\" data-element_type=\"container\">\n\t\t\t\t<div class=\"elementor-element elementor-element-21b38d1 elementor-widget elementor-widget-image\" data-id=\"21b38d1\" data-element_type=\"widget\" data-widget_type=\"image.default\">\n\t\t\t\t<div class=\"elementor-widget-container\">\n\t\t\t\t\t\t\t\t\t\t\t\t\t\t\t<img decoding=\"async\" src=\"https:\/\/eferaki.de\/wp-content\/uploads\/elementor\/thumbs\/3-MESE-export-70cl-copy-r7e7vr0m933ocvq70yokbhwvt6nfemnf7x0vlah4xs.jpg\" title=\"3 MESE export 70cl copy\" alt=\"3 MESE export 70cl copy\" loading=\"lazy\" \/>\t\t\t\t\t\t\t\t\t\t\t\t\t\t\t<\/div>\n\t\t\t\t<\/div>\n\t\t\t\t<\/div>\n\t\t<div class=\"elementor-element elementor-element-e48f9b9 e-con-full e-flex wpr-particle-no wpr-jarallax-no wpr-parallax-no wpr-sticky-section-no e-con e-child\" data-id=\"e48f9b9\" data-element_type=\"container\">\n\t\t\t\t<div class=\"elementor-element elementor-element-d634b8c elementor-widget__width-initial elementor-widget elementor-widget-text-editor\" data-id=\"d634b8c\" data-element_type=\"widget\" data-widget_type=\"text-editor.default\">\n\t\t\t\t<div class=\"elementor-widget-container\">\n\t\t\t\t\t        <div class=\"elementor-text-editor elementor-clearfix\"><h3>SARI ZEYBEK 3 OAK<\/h3><p>Sar\u0131 Zeybek 3 Oak, der Star der Sar\u0131 Zeybek Raki-Familie, wird durch dreifache Destillation von 100%igem Traubenmost mit Anis in Kupferbrennblasen ohne Zucker- und Glutenzusatz hergestellt. Nur der reinste Teil, das \u201eHerzst\u00fcck des Herzens\u201c, wird w\u00e4hrend des Destillationsprozesses extrahiert, um seinen einzigartigen Geschmack zu erzielen. Er reift insgesamt sechs Monate in F\u00e4ssern aus franz\u00f6sischer, amerikanischer und osteurop\u00e4ischer Eiche nach dem Solera-Verfahren \u2013 eine Premiere in der Raki-Welt. In den Eichenf\u00e4ssern erh\u00e4lt er seinen unverwechselbaren Geschmack und seine Farbe.<\/p><\/div>\n        \t\t\t\t<\/div>\n\t\t\t\t<\/div>\n\t\t\t\t<div class=\"elementor-element elementor-element-0594924 elementor-absolute elementor-widget elementor-widget-menu-anchor\" data-id=\"0594924\" data-element_type=\"widget\" data-settings=\"{&quot;_position&quot;:&quot;absolute&quot;}\" data-widget_type=\"menu-anchor.default\">\n\t\t\t\t<div class=\"elementor-widget-container\">\n\t\t\t\t\t\t\t<div class=\"elementor-menu-anchor\" id=\"sarizeybek3mese\"><\/div>\n\t\t\t\t\t\t<\/div>\n\t\t\t\t<\/div>\n\t\t\t\t<\/div>\n\t\t\t\t<\/div>\n\t\t\t\t\t<\/div>\n\t\t\t\t<\/div>\n\t\t<div class=\"elementor-element elementor-element-4944e11 e-flex e-con-boxed wpr-particle-no wpr-jarallax-no wpr-parallax-no wpr-sticky-section-no e-con e-parent\" data-id=\"4944e11\" data-element_type=\"container\">\n\t\t\t\t\t<div class=\"e-con-inner\">\n\t\t<div class=\"elementor-element elementor-element-2f1ee65 e-con-full e-flex wpr-particle-no wpr-jarallax-no wpr-parallax-no wpr-sticky-section-no e-con e-child\" data-id=\"2f1ee65\" data-element_type=\"container\">\n\t\t<div class=\"elementor-element elementor-element-9498755 e-con-full e-flex wpr-particle-no wpr-jarallax-no wpr-parallax-no wpr-sticky-section-no e-con e-child\" data-id=\"9498755\" data-element_type=\"container\">\n\t\t<div class=\"elementor-element elementor-element-508059c e-con-full e-flex wpr-particle-no wpr-jarallax-no wpr-parallax-no wpr-sticky-section-no e-con e-child\" data-id=\"508059c\" data-element_type=\"container\">\n\t\t\t\t<div class=\"elementor-element elementor-element-619459b elementor-widget__width-initial elementor-widget elementor-widget-text-editor\" data-id=\"619459b\" data-element_type=\"widget\" data-widget_type=\"text-editor.default\">\n\t\t\t\t<div class=\"elementor-widget-container\">\n\t\t\t\t\t        <div class=\"elementor-text-editor elementor-clearfix\"><h3>SARI ZEYBEK FRISCHE TRAUBEN<\/h3><p>Sar\u0131 Zeybek Fresh Grape wird durch zweifaches Destillieren des Mostes aus den frischesten Trauben der \u00c4g\u00e4is in Kupferbrennblasen mit Anis hergestellt. Seine einzigartige Farbe und seinen unverwechselbaren Geschmack erh\u00e4lt er durch die viermonatige Reifung in Eichenf\u00e4ssern.<br \/>Es ist glutenfrei und es wird in keiner Phase der Herstellung Zucker hinzugef\u00fcgt.<\/p><\/div>\n        \t\t\t\t<\/div>\n\t\t\t\t<\/div>\n\t\t\t\t<div class=\"elementor-element elementor-element-07468be elementor-absolute elementor-widget elementor-widget-menu-anchor\" data-id=\"07468be\" data-element_type=\"widget\" data-settings=\"{&quot;_position&quot;:&quot;absolute&quot;}\" data-widget_type=\"menu-anchor.default\">\n\t\t\t\t<div class=\"elementor-widget-container\">\n\t\t\t\t\t\t\t<div class=\"elementor-menu-anchor\" id=\"sarizeybekyasuzum\"><\/div>\n\t\t\t\t\t\t<\/div>\n\t\t\t\t<\/div>\n\t\t\t\t<\/div>\n\t\t<div class=\"elementor-element elementor-element-c4935e2 e-con-full e-flex wpr-particle-no wpr-jarallax-no wpr-parallax-no wpr-sticky-section-no e-con e-child\" data-id=\"c4935e2\" data-element_type=\"container\">\n\t\t\t\t<div class=\"elementor-element elementor-element-366d056 elementor-widget elementor-widget-image\" data-id=\"366d056\" data-element_type=\"widget\" data-widget_type=\"image.default\">\n\t\t\t\t<div class=\"elementor-widget-container\">\n\t\t\t\t\t\t\t\t\t\t\t\t\t\t\t<img decoding=\"async\" src=\"https:\/\/eferaki.de\/wp-content\/uploads\/elementor\/thumbs\/Sari-Zeybek-rahfbu0a5o3u8dgelw312sc9uze1k69q3wau0e9etc.jpg\" title=\"Sar\u0131 Zeybek\" alt=\"Sar\u0131 Zeybek\" loading=\"lazy\" \/>\t\t\t\t\t\t\t\t\t\t\t\t\t\t\t<\/div>\n\t\t\t\t<\/div>\n\t\t\t\t<\/div>\n\t\t\t\t<\/div>\n\t\t\t\t<\/div>\n\t\t\t\t\t<\/div>\n\t\t\t\t<\/div>\n\t\t<div class=\"elementor-element elementor-element-b5545cb e-flex e-con-boxed wpr-particle-no wpr-jarallax-no wpr-parallax-no wpr-sticky-section-no e-con e-parent\" data-id=\"b5545cb\" data-element_type=\"container\">\n\t\t\t\t\t<div class=\"e-con-inner\">\n\t\t<div class=\"elementor-element elementor-element-6d7faa5 e-con-full e-flex wpr-particle-no wpr-jarallax-no wpr-parallax-no wpr-sticky-section-no e-con e-child\" data-id=\"6d7faa5\" data-element_type=\"container\">\n\t\t<div class=\"elementor-element elementor-element-550ed92 e-con-full e-flex wpr-particle-no wpr-jarallax-no wpr-parallax-no wpr-sticky-section-no e-con e-child\" data-id=\"550ed92\" data-element_type=\"container\">\n\t\t<div class=\"elementor-element elementor-element-1066ab8 e-con-full e-flex wpr-particle-no wpr-jarallax-no wpr-parallax-no wpr-sticky-section-no e-con e-child\" data-id=\"1066ab8\" data-element_type=\"container\">\n\t\t\t\t<div class=\"elementor-element elementor-element-4c9d23d elementor-widget elementor-widget-image\" data-id=\"4c9d23d\" data-element_type=\"widget\" data-widget_type=\"image.default\">\n\t\t\t\t<div class=\"elementor-widget-container\">\n\t\t\t\t\t\t\t\t\t\t\t\t\t\t\t<img decoding=\"async\" src=\"https:\/\/eferaki.de\/wp-content\/uploads\/elementor\/thumbs\/ORIGINAL-export-70cl-copy-r7e82o3uk6kntjodmgcp69218ajp2f4ai5wjrm7t4w.jpg\" title=\"ORIGINAL export 70cl copy\" alt=\"ORIGINAL export 70cl copy\" loading=\"lazy\" \/>\t\t\t\t\t\t\t\t\t\t\t\t\t\t\t<\/div>\n\t\t\t\t<\/div>\n\t\t\t\t<\/div>\n\t\t<div class=\"elementor-element elementor-element-0281101 e-con-full e-flex wpr-particle-no wpr-jarallax-no wpr-parallax-no wpr-sticky-section-no e-con e-child\" data-id=\"0281101\" data-element_type=\"container\">\n\t\t\t\t<div class=\"elementor-element elementor-element-c6047d2 elementor-widget elementor-widget-text-editor\" data-id=\"c6047d2\" data-element_type=\"widget\" data-widget_type=\"text-editor.default\">\n\t\t\t\t<div class=\"elementor-widget-container\">\n\t\t\t\t\t        <div class=\"elementor-text-editor elementor-clearfix\"><h3>SARI ZEYBEK ORIGINAL<\/h3><p>Hergestellt aus 100 % Traubenmost nach dem Originalrezept von Sar\u0131 Zeybek.Zu keinem Zeitpunkt der Herstellung wird Zucker hinzugef\u00fcgt.<br \/>Der Wein reift insgesamt 6 Monate in Eichenf\u00e4ssern, wodurch er seine einzigartige Farbe und sein unverwechselbares Aroma erh\u00e4lt. Er ist glutenfrei.<\/p><\/div>\n        \t\t\t\t<\/div>\n\t\t\t\t<\/div>\n\t\t\t\t<div class=\"elementor-element elementor-element-325e620 elementor-absolute elementor-widget elementor-widget-menu-anchor\" data-id=\"325e620\" data-element_type=\"widget\" data-settings=\"{&quot;_position&quot;:&quot;absolute&quot;}\" data-widget_type=\"menu-anchor.default\">\n\t\t\t\t<div class=\"elementor-widget-container\">\n\t\t\t\t\t\t\t<div class=\"elementor-menu-anchor\" id=\"sarizeybekoriginal\"><\/div>\n\t\t\t\t\t\t<\/div>\n\t\t\t\t<\/div>\n\t\t\t\t<\/div>\n\t\t\t\t<\/div>\n\t\t\t\t<\/div>\n\t\t\t\t\t<\/div>\n\t\t\t\t<\/div>\n\t\t\t\t<\/div>","protected":false},"excerpt":{"rendered":"<p>SARI ZEYBEK 3 ME\u015eE Sar\u0131 Zeybek ailesinin tabir yerindeyse ba\u015frol oyuncusu Sar\u0131 Zeybek 3 Me\u015fe, %100 \u00fcz\u00fcm sumas\u0131n\u0131n anasonla birlikte \u00fc\u00e7 kez bak\u0131r imbiklerde dam\u0131t\u0131lmas\u0131yla, \u015feker ilavesiz ve gl\u00fctensiz olarak \u00fcretilmi\u015ftir.\u00a0 \u00a0 \u00a0 \u00a0 \u00a0 \u00a0 \u00a0 \u00a0 \u00a0 \u00a0 \u00a0 \u00a0 \u00a0 \u00a0 \u00a0 \u00a0 \u00a0 \u00a0 \u00a0 \u00a0 \u00a0 \u00a0 \u00a0 \u00a0 \u00a0 \u00a0 \u00a0 \u00a0 Dam\u0131t\u0131m s\u00fcrecinde yaln\u0131zca en saf b\u00f6l\u00fcm olan \u201cg\u00f6be\u011fin g\u00f6be\u011finin g\u00f6be\u011fi\u201d al\u0131narak benzersiz bir lezzet elde edilmi\u015ftir.\u00a0 \u00a0 \u00a0 \u00a0 \u00a0 \u00a0 \u00a0 \u00a0 \u00a0 \u00a0 \u00a0 \u00a0 \u00a0 \u00a0 \u00a0 \u00a0 \u00a0 \u00a0 \u00a0 \u00a0 \u00a0 \u00a0 \u00a0 \u00a0 Rak\u0131 d\u00fcnyas\u0131nda bir ilk olan Solera sistemi ile; Frans\u0131z, Amerikan ve Do\u011fu Avrupa me\u015fesinden yap\u0131lm\u0131\u015f f\u0131\u00e7\u0131larda toplam 6 ay olgunla\u015ft\u0131r\u0131lm\u0131\u015ft\u0131r. Kendine \u00f6zg\u00fc tat ve rengini me\u015fe f\u0131\u00e7\u0131larda al\u0131r. SARI ZEYBEK YA\u015e \u00dcZ\u00dcM Sar\u0131 Zeybek Ya\u015f \u00dcz\u00fcm, Ege&#8217;nin taptaze ya\u015f \u00fcz\u00fcmlerinden elde edilen suman\u0131n anason ile bak\u0131r imbiklerde 2 kez dam\u0131t\u0131m\u0131 ile \u00fcretilir.\u00a0 \u00a0 \u00a0 \u00a0 \u00a0 \u00a0 Kendine has renk ve lezzetlerini, me\u015fe f\u0131\u00e7\u0131larda 4 ay dinlendirilmesi ile kazan\u0131r.Gl\u00fcten i\u00e7ermez ve \u00fcretimin hi\u00e7bir a\u015famas\u0131nda \u015feker eklenmemi\u015ftir. SARI ZEYBEK ORIGINAL %100 \u00fcz\u00fcm sumas\u0131ndan orijinal Sar\u0131 Zeybek tarifi ile \u00fcretilir. \u00dcretimin hi\u00e7bir a\u015famas\u0131nda \u015feker ilaveedilmemi\u015ftir.\u00a0 \u00a0 \u00a0 \u00a0 \u00a0 \u00a0 \u00a0 \u00a0 \u00a0 \u00a0 \u00a0 \u00a0 \u00a0 \u00a0 \u00a0 \u00a0 \u00a0 \u00a0 \u00a0 \u00a0 \u00a0 \u00a0 \u00a0 \u00a0 \u00a0 \u00a0 \u00a0 \u00a0 \u00a0 \u00a0 Me\u015fe f\u0131\u00e7\u0131larda toplam 6 ay dinlendirilerek kendine \u00f6zg\u00fc renk ve aromay\u0131 kazan\u0131rken, gl\u00fcten i\u00e7ermez.<\/p>","protected":false},"author":1,"featured_media":0,"parent":0,"menu_order":0,"comment_status":"closed","ping_status":"closed","template":"page-elementor.php","meta":{"_monsterinsights_skip_tracking":false,"_monsterinsights_sitenote_active":false,"_monsterinsights_sitenote_note":"","_monsterinsights_sitenote_category":0,"footnotes":""},"class_list":["post-2742","page","type-page","status-publish","hentry"],"aioseo_notices":[],"_links":{"self":[{"href":"https:\/\/eferaki.de\/de\/wp-json\/wp\/v2\/pages\/2742","targetHints":{"allow":["GET"]}}],"collection":[{"href":"https:\/\/eferaki.de\/de\/wp-json\/wp\/v2\/pages"}],"about":[{"href":"https:\/\/eferaki.de\/de\/wp-json\/wp\/v2\/types\/page"}],"author":[{"embeddable":true,"href":"https:\/\/eferaki.de\/de\/wp-json\/wp\/v2\/users\/1"}],"replies":[{"embeddable":true,"href":"https:\/\/eferaki.de\/de\/wp-json\/wp\/v2\/comments?post=2742"}],"version-history":[{"count":50,"href":"https:\/\/eferaki.de\/de\/wp-json\/wp\/v2\/pages\/2742\/revisions"}],"predecessor-version":[{"id":3155,"href":"https:\/\/eferaki.de\/de\/wp-json\/wp\/v2\/pages\/2742\/revisions\/3155"}],"wp:attachment":[{"href":"https:\/\/eferaki.de\/de\/wp-json\/wp\/v2\/media?parent=2742"}],"curies":[{"name":"wp","href":"https:\/\/api.w.org\/{rel}","templated":true}]}}