{"id":2737,"date":"2025-08-07T02:02:43","date_gmt":"2025-08-07T02:02:43","guid":{"rendered":"https:\/\/eferaki.de\/?page_id=2737"},"modified":"2025-08-19T10:09:19","modified_gmt":"2025-08-19T10:09:19","slug":"uzumkizi","status":"publish","type":"page","link":"https:\/\/eferaki.de\/de\/uzumkizi\/","title":{"rendered":"uzumkizi"},"content":{"rendered":"<div data-elementor-type=\"wp-post\" data-elementor-id=\"2737\" class=\"elementor elementor-2737\">\n\t\t\t\t<div class=\"elementor-element elementor-element-af3ed9c e-flex e-con-boxed wpr-particle-no wpr-jarallax-no wpr-parallax-no wpr-sticky-section-no e-con e-parent\" data-id=\"af3ed9c\" data-element_type=\"container\">\n\t\t\t\t\t<div class=\"e-con-inner\">\n\t\t\t\t<div class=\"elementor-element elementor-element-01317c4 elementor-widget elementor-widget-text-editor\" data-id=\"01317c4\" data-element_type=\"widget\" data-widget_type=\"text-editor.default\">\n\t\t\t\t<div class=\"elementor-widget-container\">\n\t\t\t\t\t        <div class=\"elementor-text-editor elementor-clearfix\"><h1>\u00dcZ\u00dcM KIZI<\/h1><div id=\"simple-translate\" class=\"simple-translate-system-theme\"><div><div class=\"simple-translate-button isShow\" style=\"background-image: url('moz-extension:\/\/d87f15ff-5958-4f38-a09b-0dd9d0262a1d\/icons\/512.png'); height: 22px; width: 22px; top: 31px; left: -11px;\">\u00a0<\/div><div class=\"simple-translate-panel\" style=\"width: 300px; height: 200px; top: 0px; left: 0px; font-size: 13px;\"><div class=\"simple-translate-result-wrapper\" style=\"overflow: hidden;\"><div class=\"simple-translate-move\" draggable=\"true\">\u00a0<\/div><div class=\"simple-translate-result-contents\"><p class=\"simple-translate-candidate\" dir=\"auto\">\u00a0<\/p><\/div><\/div><\/div><\/div><\/div><\/div>\n        \t\t\t\t<\/div>\n\t\t\t\t<\/div>\n\t\t\t\t\t<\/div>\n\t\t\t\t<\/div>\n\t\t<div class=\"elementor-element elementor-element-616476d e-flex e-con-boxed wpr-particle-no wpr-jarallax-no wpr-parallax-no wpr-sticky-section-no e-con e-parent\" data-id=\"616476d\" data-element_type=\"container\">\n\t\t\t\t\t<div class=\"e-con-inner\">\n\t\t<div class=\"elementor-element elementor-element-271341d e-con-full e-flex wpr-particle-no wpr-jarallax-no wpr-parallax-no wpr-sticky-section-no e-con e-child\" data-id=\"271341d\" data-element_type=\"container\">\n\t\t<div class=\"elementor-element elementor-element-5d68c43 e-con-full e-flex wpr-particle-no wpr-jarallax-no wpr-parallax-no wpr-sticky-section-no e-con e-child\" data-id=\"5d68c43\" data-element_type=\"container\">\n\t\t\t\t<div class=\"elementor-element elementor-element-21b38d1 elementor-widget elementor-widget-image\" data-id=\"21b38d1\" data-element_type=\"widget\" data-widget_type=\"image.default\">\n\t\t\t\t<div class=\"elementor-widget-container\">\n\t\t\t\t\t\t\t\t\t\t\t\t\t\t\t<img decoding=\"async\" src=\"https:\/\/eferaki.de\/wp-content\/uploads\/elementor\/thumbs\/UK-SISE_yeni-scaled-r7e84bbqygdgfsx96cbm7a4ryjyob34gax6t8xoi80.jpg\" title=\"UK SISE_yeni\" alt=\"UK SISE_yeni\" loading=\"lazy\" \/>\t\t\t\t\t\t\t\t\t\t\t\t\t\t\t<\/div>\n\t\t\t\t<\/div>\n\t\t\t\t<\/div>\n\t\t<div class=\"elementor-element elementor-element-e48f9b9 e-con-full e-flex wpr-particle-no wpr-jarallax-no wpr-parallax-no wpr-sticky-section-no e-con e-child\" data-id=\"e48f9b9\" data-element_type=\"container\">\n\t\t\t\t<div class=\"elementor-element elementor-element-838dbd7 elementor-widget elementor-widget-menu-anchor\" data-id=\"838dbd7\" data-element_type=\"widget\" data-widget_type=\"menu-anchor.default\">\n\t\t\t\t<div class=\"elementor-widget-container\">\n\t\t\t\t\t\t\t<div class=\"elementor-menu-anchor\" id=\"uzumkizi\"><\/div>\n\t\t\t\t\t\t<\/div>\n\t\t\t\t<\/div>\n\t\t\t\t<div class=\"elementor-element elementor-element-d634b8c elementor-widget elementor-widget-text-editor\" data-id=\"d634b8c\" data-element_type=\"widget\" data-widget_type=\"text-editor.default\">\n\t\t\t\t<div class=\"elementor-widget-container\">\n\t\t\t\t\t        <div class=\"elementor-text-editor elementor-clearfix\"><h1>\u00dcZ\u00dcM KIZI<\/h1><p>%100 \u00dcz\u00fcm sumas\u0131ndan elde edilen ve bak\u0131r imbiklerde anason eklenip iki defa dam\u0131t\u0131lan<br \/>Efe Oak Barrel, Frans\u0131z ve Amerikan me\u015fesinden yap\u0131lm\u0131\u015f f\u0131\u00e7\u0131larda farkl\u0131 s\u00fcrelerde<br \/>y\u0131lland\u0131r\u0131lm\u0131\u015f rak\u0131lar\u0131n \u00f6zg\u00fcn bir se\u00e7kisinden \u00fcretilmi\u015ftir. Serin ve sek t\u00fcketilmesi \u00f6nerilir.<\/p><\/div>\n        \t\t\t\t<\/div>\n\t\t\t\t<\/div>\n\t\t\t\t<\/div>\n\t\t\t\t<\/div>\n\t\t\t\t\t<\/div>\n\t\t\t\t<\/div>\n\t\t\t\t<\/div>","protected":false},"excerpt":{"rendered":"<p>\u00dcZ\u00dcM KIZI \u00a0\u00a0 \u00a0 \u00dcZ\u00dcM KIZI %100 \u00dcz\u00fcm sumas\u0131ndan elde edilen ve bak\u0131r imbiklerde anason eklenip iki defa dam\u0131t\u0131lanEfe Oak Barrel, Frans\u0131z ve Amerikan me\u015fesinden yap\u0131lm\u0131\u015f f\u0131\u00e7\u0131larda farkl\u0131 s\u00fcrelerdey\u0131lland\u0131r\u0131lm\u0131\u015f rak\u0131lar\u0131n \u00f6zg\u00fcn bir se\u00e7kisinden \u00fcretilmi\u015ftir. Serin ve sek t\u00fcketilmesi \u00f6nerilir.<\/p>","protected":false},"author":1,"featured_media":0,"parent":0,"menu_order":0,"comment_status":"closed","ping_status":"closed","template":"page-elementor.php","meta":{"_monsterinsights_skip_tracking":false,"_monsterinsights_sitenote_active":false,"_monsterinsights_sitenote_note":"","_monsterinsights_sitenote_category":0,"footnotes":""},"class_list":["post-2737","page","type-page","status-publish","hentry"],"aioseo_notices":[],"_links":{"self":[{"href":"https:\/\/eferaki.de\/de\/wp-json\/wp\/v2\/pages\/2737","targetHints":{"allow":["GET"]}}],"collection":[{"href":"https:\/\/eferaki.de\/de\/wp-json\/wp\/v2\/pages"}],"about":[{"href":"https:\/\/eferaki.de\/de\/wp-json\/wp\/v2\/types\/page"}],"author":[{"embeddable":true,"href":"https:\/\/eferaki.de\/de\/wp-json\/wp\/v2\/users\/1"}],"replies":[{"embeddable":true,"href":"https:\/\/eferaki.de\/de\/wp-json\/wp\/v2\/comments?post=2737"}],"version-history":[{"count":11,"href":"https:\/\/eferaki.de\/de\/wp-json\/wp\/v2\/pages\/2737\/revisions"}],"predecessor-version":[{"id":2976,"href":"https:\/\/eferaki.de\/de\/wp-json\/wp\/v2\/pages\/2737\/revisions\/2976"}],"wp:attachment":[{"href":"https:\/\/eferaki.de\/de\/wp-json\/wp\/v2\/media?parent=2737"}],"curies":[{"name":"wp","href":"https:\/\/api.w.org\/{rel}","templated":true}]}}