{"id":2732,"date":"2025-08-07T01:49:21","date_gmt":"2025-08-07T01:49:21","guid":{"rendered":"https:\/\/eferaki.de\/?page_id=2732"},"modified":"2025-12-15T13:39:57","modified_gmt":"2025-12-15T13:39:57","slug":"eferaki","status":"publish","type":"page","link":"https:\/\/eferaki.de\/de\/eferaki\/","title":{"rendered":"eferaki"},"content":{"rendered":"<div data-elementor-type=\"wp-post\" data-elementor-id=\"2732\" class=\"elementor elementor-2732\">\n\t\t\t\t<div class=\"elementor-element elementor-element-616476d e-flex e-con-boxed wpr-particle-no wpr-jarallax-no wpr-parallax-no wpr-sticky-section-no e-con e-parent\" data-id=\"616476d\" data-element_type=\"container\">\n\t\t\t\t\t<div class=\"e-con-inner\">\n\t\t<div class=\"elementor-element elementor-element-271341d e-con-full e-flex wpr-particle-no wpr-jarallax-no wpr-parallax-no wpr-sticky-section-no e-con e-child\" data-id=\"271341d\" data-element_type=\"container\">\n\t\t<div class=\"elementor-element elementor-element-5d68c43 e-con-full e-flex wpr-particle-no wpr-jarallax-no wpr-parallax-no wpr-sticky-section-no e-con e-child\" data-id=\"5d68c43\" data-element_type=\"container\">\n\t\t\t\t<div class=\"elementor-element elementor-element-21b38d1 elementor-widget elementor-widget-image\" data-id=\"21b38d1\" data-element_type=\"widget\" data-widget_type=\"image.default\">\n\t\t\t\t<div class=\"elementor-widget-container\">\n\t\t\t\t\t\t\t\t\t\t\t\t\t\t\t<img decoding=\"async\" src=\"https:\/\/eferaki.de\/wp-content\/uploads\/elementor\/thumbs\/yasuzum_EXPORT-copy-r7e84ohf6fbqnir8vtmz08siyymyj43mg44xpx8hts.jpg\" title=\"yasuzum_EXPORT copy\" alt=\"yasuzum_EXPORT copy\" loading=\"lazy\" \/>\t\t\t\t\t\t\t\t\t\t\t\t\t\t\t<\/div>\n\t\t\t\t<\/div>\n\t\t\t\t<\/div>\n\t\t<div class=\"elementor-element elementor-element-e48f9b9 e-con-full e-flex wpr-particle-no wpr-jarallax-no wpr-parallax-no wpr-sticky-section-no e-con e-child\" data-id=\"e48f9b9\" data-element_type=\"container\">\n\t\t\t\t<div class=\"elementor-element elementor-element-c78d3b8 elementor-widget elementor-widget-menu-anchor\" data-id=\"c78d3b8\" data-element_type=\"widget\" data-widget_type=\"menu-anchor.default\">\n\t\t\t\t<div class=\"elementor-widget-container\">\n\t\t\t\t\t\t\t<div class=\"elementor-menu-anchor\" id=\"efeyas\"><\/div>\n\t\t\t\t\t\t<\/div>\n\t\t\t\t<\/div>\n\t\t\t\t<div class=\"elementor-element elementor-element-d634b8c elementor-widget elementor-widget-text-editor\" data-id=\"d634b8c\" data-element_type=\"widget\" data-widget_type=\"text-editor.default\">\n\t\t\t\t<div class=\"elementor-widget-container\">\n\t\t\t\t\t        <div class=\"elementor-text-editor elementor-clearfix\"><h1>EFE FRISCHE TRAUBEN<\/h1><p>Efe Fresh Grape Raki, hergestellt aus frischen Trauben der \u00c4g\u00e4isregion, wird in Kupferbrennblasen destilliert und 90 Tage lang gereift, um sein einzigartiges Aroma und seinen milden Geschmack zu entwickeln. Als erster Raki aus frischen Trauben der T\u00fcrkei wurde er 2007 von CoolBrands Turkey zu einer der 14 \u201ecoolsten\u201c Marken gew\u00e4hlt und erhielt 2010 die Doppelgoldmedaille beim San Francisco World Spirit Competition.<\/p><\/div>\n        \t\t\t\t<\/div>\n\t\t\t\t<\/div>\n\t\t\t\t<\/div>\n\t\t\t\t<\/div>\n\t\t\t\t\t<\/div>\n\t\t\t\t<\/div>\n\t\t<div class=\"elementor-element elementor-element-4944e11 e-flex e-con-boxed wpr-particle-no wpr-jarallax-no wpr-parallax-no wpr-sticky-section-no e-con e-parent\" data-id=\"4944e11\" data-element_type=\"container\">\n\t\t\t\t\t<div class=\"e-con-inner\">\n\t\t<div class=\"elementor-element elementor-element-2f1ee65 e-con-full e-flex wpr-particle-no wpr-jarallax-no wpr-parallax-no wpr-sticky-section-no e-con e-child\" data-id=\"2f1ee65\" data-element_type=\"container\">\n\t\t<div class=\"elementor-element elementor-element-9498755 e-con-full e-flex wpr-particle-no wpr-jarallax-no wpr-parallax-no wpr-sticky-section-no e-con e-child\" data-id=\"9498755\" data-element_type=\"container\">\n\t\t<div class=\"elementor-element elementor-element-508059c e-con-full e-flex wpr-particle-no wpr-jarallax-no wpr-parallax-no wpr-sticky-section-no e-con e-child\" data-id=\"508059c\" data-element_type=\"container\">\n\t\t\t\t<div class=\"elementor-element elementor-element-619459b elementor-widget elementor-widget-text-editor\" data-id=\"619459b\" data-element_type=\"widget\" data-widget_type=\"text-editor.default\">\n\t\t\t\t<div class=\"elementor-widget-container\">\n\t\t\t\t\t        <div class=\"elementor-text-editor elementor-clearfix\"><h1>EFE GOLD<\/h1><p>Der Whisky reift von der Destillation bis zur Abf\u00fcllung vier Monate lang sorgf\u00e4ltig in Eichenf\u00e4ssern und erh\u00e4lt dabei seine Farbe und seine geschmeidige Konsistenz. Zu keinem Zeitpunkt der Herstellung wird Zucker hinzugef\u00fcgt.<\/p><\/div>\n        \t\t\t\t<\/div>\n\t\t\t\t<\/div>\n\t\t\t\t<\/div>\n\t\t<div class=\"elementor-element elementor-element-c4935e2 e-con-full e-flex wpr-particle-no wpr-jarallax-no wpr-parallax-no wpr-sticky-section-no e-con e-child\" data-id=\"c4935e2\" data-element_type=\"container\">\n\t\t\t\t<div class=\"elementor-element elementor-element-abd0505 elementor-widget elementor-widget-menu-anchor\" data-id=\"abd0505\" data-element_type=\"widget\" data-widget_type=\"menu-anchor.default\">\n\t\t\t\t<div class=\"elementor-widget-container\">\n\t\t\t\t\t\t\t<div class=\"elementor-menu-anchor\" id=\"efegold\"><\/div>\n\t\t\t\t\t\t<\/div>\n\t\t\t\t<\/div>\n\t\t\t\t<div class=\"elementor-element elementor-element-366d056 elementor-widget elementor-widget-image\" data-id=\"366d056\" data-element_type=\"widget\" data-widget_type=\"image.default\">\n\t\t\t\t<div class=\"elementor-widget-container\">\n\t\t\t\t\t\t\t\t\t\t\t\t\t\t\t<img decoding=\"async\" src=\"https:\/\/eferaki.de\/wp-content\/uploads\/elementor\/thumbs\/Gold_EXPRT-copy-scaled-r7e81joseb1bybb36gvqp197oq2wvfnu0luo4pvqkg.jpg\" title=\"Gold_EXPRT copy\" alt=\"Gold_EXPRT copy\" loading=\"lazy\" \/>\t\t\t\t\t\t\t\t\t\t\t\t\t\t\t<\/div>\n\t\t\t\t<\/div>\n\t\t\t\t<\/div>\n\t\t\t\t<\/div>\n\t\t\t\t<\/div>\n\t\t\t\t\t<\/div>\n\t\t\t\t<\/div>\n\t\t<div class=\"elementor-element elementor-element-b5545cb e-flex e-con-boxed wpr-particle-no wpr-jarallax-no wpr-parallax-no wpr-sticky-section-no e-con e-parent\" data-id=\"b5545cb\" data-element_type=\"container\">\n\t\t\t\t\t<div class=\"e-con-inner\">\n\t\t<div class=\"elementor-element elementor-element-6d7faa5 e-con-full e-flex wpr-particle-no wpr-jarallax-no wpr-parallax-no wpr-sticky-section-no e-con e-child\" data-id=\"6d7faa5\" data-element_type=\"container\">\n\t\t<div class=\"elementor-element elementor-element-550ed92 e-con-full e-flex wpr-particle-no wpr-jarallax-no wpr-parallax-no wpr-sticky-section-no e-con e-child\" data-id=\"550ed92\" data-element_type=\"container\">\n\t\t<div class=\"elementor-element elementor-element-1066ab8 e-con-full e-flex wpr-particle-no wpr-jarallax-no wpr-parallax-no wpr-sticky-section-no e-con e-child\" data-id=\"1066ab8\" data-element_type=\"container\">\n\t\t\t\t<div class=\"elementor-element elementor-element-74211ee elementor-widget elementor-widget-menu-anchor\" data-id=\"74211ee\" data-element_type=\"widget\" data-widget_type=\"menu-anchor.default\">\n\t\t\t\t<div class=\"elementor-widget-container\">\n\t\t\t\t\t\t\t<div class=\"elementor-menu-anchor\" id=\"efegobek\"><\/div>\n\t\t\t\t\t\t<\/div>\n\t\t\t\t<\/div>\n\t\t\t\t<div class=\"elementor-element elementor-element-4c9d23d elementor-widget elementor-widget-image\" data-id=\"4c9d23d\" data-element_type=\"widget\" data-widget_type=\"image.default\">\n\t\t\t\t<div class=\"elementor-widget-container\">\n\t\t\t\t\t\t\t\t\t\t\t\t\t\t\t<img decoding=\"async\" src=\"https:\/\/eferaki.de\/wp-content\/uploads\/elementor\/thumbs\/EFE_GO\u2560eBEK-scaled-r7e7x20jqsw0hdtxeizws61xig7s3hu02dn5l4jgao.jpg\" title=\"EFE_GO\u2560\u00eaBEK\" alt=\"EFE_GO\u2560\u00eaBEK\" loading=\"lazy\" \/>\t\t\t\t\t\t\t\t\t\t\t\t\t\t\t<\/div>\n\t\t\t\t<\/div>\n\t\t\t\t<\/div>\n\t\t<div class=\"elementor-element elementor-element-0281101 e-con-full e-flex wpr-particle-no wpr-jarallax-no wpr-parallax-no wpr-sticky-section-no e-con e-child\" data-id=\"0281101\" data-element_type=\"container\">\n\t\t\t\t<div class=\"elementor-element elementor-element-c6047d2 elementor-widget elementor-widget-text-editor\" data-id=\"c6047d2\" data-element_type=\"widget\" data-widget_type=\"text-editor.default\">\n\t\t\t\t<div class=\"elementor-widget-container\">\n\t\t\t\t\t        <div class=\"elementor-text-editor elementor-clearfix\"><h1>EFE G\u00d6BEK<\/h1><p>Efe G\u00f6bek Raki, hergestellt aus 100 % Traubenmost, wird ausschlie\u00dflich aus dem Mittelteil der Brennblase gewonnen. Er wird aus dem sorgf\u00e4ltig ausgew\u00e4hlten Teil der dritten Fraktion, dem sogenannten \u201eMittelteil\u201c, hergestellt, der sich in der Mitte des f\u00fcnfstufigen Destillationsprozesses befindet. Bei seiner Herstellung wird kein Zucker verwendet.<\/p><\/div>\n        \t\t\t\t<\/div>\n\t\t\t\t<\/div>\n\t\t\t\t<\/div>\n\t\t\t\t<\/div>\n\t\t\t\t<\/div>\n\t\t\t\t\t<\/div>\n\t\t\t\t<\/div>\n\t\t<div class=\"elementor-element elementor-element-d005ad4 e-flex e-con-boxed wpr-particle-no wpr-jarallax-no wpr-parallax-no wpr-sticky-section-no e-con e-parent\" data-id=\"d005ad4\" data-element_type=\"container\">\n\t\t\t\t\t<div class=\"e-con-inner\">\n\t\t<div class=\"elementor-element elementor-element-bd1a79b e-con-full e-flex wpr-particle-no wpr-jarallax-no wpr-parallax-no wpr-sticky-section-no e-con e-child\" data-id=\"bd1a79b\" data-element_type=\"container\">\n\t\t<div class=\"elementor-element elementor-element-42f403a e-con-full e-flex wpr-particle-no wpr-jarallax-no wpr-parallax-no wpr-sticky-section-no e-con e-child\" data-id=\"42f403a\" data-element_type=\"container\">\n\t\t<div class=\"elementor-element elementor-element-23b9a56 e-con-full e-flex wpr-particle-no wpr-jarallax-no wpr-parallax-no wpr-sticky-section-no e-con e-child\" data-id=\"23b9a56\" data-element_type=\"container\">\n\t\t\t\t<div class=\"elementor-element elementor-element-e914e56 elementor-widget elementor-widget-text-editor\" data-id=\"e914e56\" data-element_type=\"widget\" data-widget_type=\"text-editor.default\">\n\t\t\t\t<div class=\"elementor-widget-container\">\n\t\t\t\t\t        <div class=\"elementor-text-editor elementor-clearfix\"><h1>EFE 3 D\u0130ST\u0130LE<\/h1><p>Dies ist der erste t\u00fcrkische Raki, der dreifach in Kupferbrennblasen destilliert wird.  Er wird aus 100 % Traubenmost anatolischer Trauben hergestellt,<br \/>, der dreimal in Kupferbrennblasen destilliert und bei jeder Destillation mit Anis angereichert wird.  Seine sanfte Textur verdankt er<br \/>nat\u00fcrlichen Quellwasser aus Bozda\u011f<\/p><\/div>\n        \t\t\t\t<\/div>\n\t\t\t\t<\/div>\n\t\t\t\t<\/div>\n\t\t<div class=\"elementor-element elementor-element-6101fe5 e-con-full e-flex wpr-particle-no wpr-jarallax-no wpr-parallax-no wpr-sticky-section-no e-con e-child\" data-id=\"6101fe5\" data-element_type=\"container\">\n\t\t\t\t<div class=\"elementor-element elementor-element-a7525e5 elementor-widget elementor-widget-menu-anchor\" data-id=\"a7525e5\" data-element_type=\"widget\" data-widget_type=\"menu-anchor.default\">\n\t\t\t\t<div class=\"elementor-widget-container\">\n\t\t\t\t\t\t\t<div class=\"elementor-menu-anchor\" id=\"efe3distile\"><\/div>\n\t\t\t\t\t\t<\/div>\n\t\t\t\t<\/div>\n\t\t\t\t<div class=\"elementor-element elementor-element-d2c686b elementor-widget elementor-widget-image\" data-id=\"d2c686b\" data-element_type=\"widget\" data-widget_type=\"image.default\">\n\t\t\t\t<div class=\"elementor-widget-container\">\n\t\t\t\t\t\t\t\t\t\t\t\t\t\t\t<img decoding=\"async\" src=\"https:\/\/eferaki.de\/wp-content\/uploads\/elementor\/thumbs\/3distile-scaled-rahm6t3nvk72rwplg5b3pypcuo2z15qr2b4ogq2hxc.png\" title=\"3distile\" alt=\"3distile\" loading=\"lazy\" \/>\t\t\t\t\t\t\t\t\t\t\t\t\t\t\t<\/div>\n\t\t\t\t<\/div>\n\t\t\t\t<\/div>\n\t\t\t\t<\/div>\n\t\t\t\t<\/div>\n\t\t\t\t\t<\/div>\n\t\t\t\t<\/div>\n\t\t<div class=\"elementor-element elementor-element-88b9aae e-flex e-con-boxed wpr-particle-no wpr-jarallax-no wpr-parallax-no wpr-sticky-section-no e-con e-parent\" data-id=\"88b9aae\" data-element_type=\"container\">\n\t\t\t\t\t<div class=\"e-con-inner\">\n\t\t<div class=\"elementor-element elementor-element-b3fc8e5 e-con-full e-flex wpr-particle-no wpr-jarallax-no wpr-parallax-no wpr-sticky-section-no e-con e-child\" data-id=\"b3fc8e5\" data-element_type=\"container\">\n\t\t<div class=\"elementor-element elementor-element-b3fab3a e-con-full e-flex wpr-particle-no wpr-jarallax-no wpr-parallax-no wpr-sticky-section-no e-con e-child\" data-id=\"b3fab3a\" data-element_type=\"container\">\n\t\t<div class=\"elementor-element elementor-element-3104c05 e-con-full e-flex wpr-particle-no wpr-jarallax-no wpr-parallax-no wpr-sticky-section-no e-con e-child\" data-id=\"3104c05\" data-element_type=\"container\">\n\t\t\t\t<div class=\"elementor-element elementor-element-199efb7 elementor-widget elementor-widget-menu-anchor\" data-id=\"199efb7\" data-element_type=\"widget\" data-widget_type=\"menu-anchor.default\">\n\t\t\t\t<div class=\"elementor-widget-container\">\n\t\t\t\t\t\t\t<div class=\"elementor-menu-anchor\" id=\"efetekimbik\"><\/div>\n\t\t\t\t\t\t<\/div>\n\t\t\t\t<\/div>\n\t\t\t\t<div class=\"elementor-element elementor-element-0d89f4b elementor-widget elementor-widget-image\" data-id=\"0d89f4b\" data-element_type=\"widget\" data-widget_type=\"image.default\">\n\t\t\t\t<div class=\"elementor-widget-container\">\n\t\t\t\t\t\t\t\t\t\t\t\t\t\t\t<img decoding=\"async\" src=\"https:\/\/eferaki.de\/wp-content\/uploads\/elementor\/thumbs\/Efe_tekimbik-scaled-r7e7zl6w5qctrk5hm4eq011n4tqdu4vyqwx94ys9j4.png\" title=\"Efe_tekimbik\" alt=\"Efe_tekimbik\" loading=\"lazy\" \/>\t\t\t\t\t\t\t\t\t\t\t\t\t\t\t<\/div>\n\t\t\t\t<\/div>\n\t\t\t\t<\/div>\n\t\t<div class=\"elementor-element elementor-element-1654929 e-con-full e-flex wpr-particle-no wpr-jarallax-no wpr-parallax-no wpr-sticky-section-no e-con e-child\" data-id=\"1654929\" data-element_type=\"container\">\n\t\t\t\t<div class=\"elementor-element elementor-element-63ffd00 elementor-widget elementor-widget-text-editor\" data-id=\"63ffd00\" data-element_type=\"widget\" data-widget_type=\"text-editor.default\">\n\t\t\t\t<div class=\"elementor-widget-container\">\n\t\t\t\t\t        <div class=\"elementor-text-editor elementor-clearfix\"><h1>EFE SINGLE STILL<\/h1><p>Dies ist original \u00e4g\u00e4ischer Raki, sorgf\u00e4ltig zubereitet, um die traditionellen Aromen zu bewahren. Es ist der erste Raki, der in einer Nano-Kupfer-Brennblase destilliert wurde, die selbstreinigende Eigenschaften besitzt und geschmacksbeeintr\u00e4chtigende Substanzen entfernt.<\/p><\/div>\n        \t\t\t\t<\/div>\n\t\t\t\t<\/div>\n\t\t\t\t<\/div>\n\t\t\t\t<\/div>\n\t\t\t\t<\/div>\n\t\t\t\t\t<\/div>\n\t\t\t\t<\/div>\n\t\t<div class=\"elementor-element elementor-element-ae1d891 e-flex e-con-boxed wpr-particle-no wpr-jarallax-no wpr-parallax-no wpr-sticky-section-no e-con e-parent\" data-id=\"ae1d891\" data-element_type=\"container\">\n\t\t\t\t\t<div class=\"e-con-inner\">\n\t\t<div class=\"elementor-element elementor-element-66ba696 e-con-full e-flex wpr-particle-no wpr-jarallax-no wpr-parallax-no wpr-sticky-section-no e-con e-child\" data-id=\"66ba696\" data-element_type=\"container\">\n\t\t<div class=\"elementor-element elementor-element-4bcd6bd e-con-full e-flex wpr-particle-no wpr-jarallax-no wpr-parallax-no wpr-sticky-section-no e-con e-child\" data-id=\"4bcd6bd\" data-element_type=\"container\">\n\t\t<div class=\"elementor-element elementor-element-995fb1a e-con-full e-flex wpr-particle-no wpr-jarallax-no wpr-parallax-no wpr-sticky-section-no e-con e-child\" data-id=\"995fb1a\" data-element_type=\"container\">\n\t\t\t\t<div class=\"elementor-element elementor-element-939e05a elementor-widget elementor-widget-text-editor\" data-id=\"939e05a\" data-element_type=\"widget\" data-widget_type=\"text-editor.default\">\n\t\t\t\t<div class=\"elementor-widget-container\">\n\t\t\t\t\t        <div class=\"elementor-text-editor elementor-clearfix\"><h2>EFE OAK BARREL<\/h2><p>Efe Oak Barrel wird aus 100 % Traubenmost hergestellt und zweifach in Kupferbrennblasen mit Anis destilliert. Er entsteht aus einer einzigartigen Auswahl an Raki, die unterschiedlich lange in franz\u00f6sischen und amerikanischen Eichenf\u00e4ssern reifen. Wir empfehlen, ihn gek\u00fchlt und pur zu genie\u00dfen.<\/p><\/div>\n        \t\t\t\t<\/div>\n\t\t\t\t<\/div>\n\t\t\t\t<\/div>\n\t\t<div class=\"elementor-element elementor-element-ad355c2 e-con-full e-flex wpr-particle-no wpr-jarallax-no wpr-parallax-no wpr-sticky-section-no e-con e-child\" data-id=\"ad355c2\" data-element_type=\"container\">\n\t\t\t\t<div class=\"elementor-element elementor-element-c9f859c elementor-widget elementor-widget-menu-anchor\" data-id=\"c9f859c\" data-element_type=\"widget\" data-widget_type=\"menu-anchor.default\">\n\t\t\t\t<div class=\"elementor-widget-container\">\n\t\t\t\t\t\t\t<div class=\"elementor-menu-anchor\" id=\"efeoakbarrel\"><\/div>\n\t\t\t\t\t\t<\/div>\n\t\t\t\t<\/div>\n\t\t\t\t<div class=\"elementor-element elementor-element-55d62c7 elementor-widget elementor-widget-image\" data-id=\"55d62c7\" data-element_type=\"widget\" data-widget_type=\"image.default\">\n\t\t\t\t<div class=\"elementor-widget-container\">\n\t\t\t\t\t\t\t\t\t\t\t\t\t\t\t<img fetchpriority=\"high\" decoding=\"async\" width=\"600\" height=\"600\" src=\"https:\/\/eferaki.de\/wp-content\/uploads\/2025\/12\/OAK-BARREL-URUN-GORSELI-yeni-768x768.png\" class=\"attachment-medium_large size-medium_large wp-image-3264\" alt=\"\" srcset=\"https:\/\/eferaki.de\/wp-content\/uploads\/2025\/12\/OAK-BARREL-URUN-GORSELI-yeni-768x768.png 768w, https:\/\/eferaki.de\/wp-content\/uploads\/2025\/12\/OAK-BARREL-URUN-GORSELI-yeni-300x300.png 300w, https:\/\/eferaki.de\/wp-content\/uploads\/2025\/12\/OAK-BARREL-URUN-GORSELI-yeni-1024x1024.png 1024w, https:\/\/eferaki.de\/wp-content\/uploads\/2025\/12\/OAK-BARREL-URUN-GORSELI-yeni-150x150.png 150w, https:\/\/eferaki.de\/wp-content\/uploads\/2025\/12\/OAK-BARREL-URUN-GORSELI-yeni-1536x1536.png 1536w, https:\/\/eferaki.de\/wp-content\/uploads\/2025\/12\/OAK-BARREL-URUN-GORSELI-yeni-2048x2048.png 2048w, https:\/\/eferaki.de\/wp-content\/uploads\/2025\/12\/OAK-BARREL-URUN-GORSELI-yeni-12x12.png 12w, https:\/\/eferaki.de\/wp-content\/uploads\/2025\/12\/OAK-BARREL-URUN-GORSELI-yeni-700x700.png 700w\" sizes=\"(max-width: 600px) 100vw, 600px\" \/>\t\t\t\t\t\t\t\t\t\t\t\t\t\t\t<\/div>\n\t\t\t\t<\/div>\n\t\t\t\t<\/div>\n\t\t\t\t<\/div>\n\t\t\t\t<\/div>\n\t\t\t\t\t<\/div>\n\t\t\t\t<\/div>\n\t\t\t\t<\/div>","protected":false},"excerpt":{"rendered":"<p>EFE YA\u015e \u00dcZ\u00dcM Ege&#8217;nin topra\u011f\u0131nda yeti\u015fen ya\u015f \u00fcz\u00fcmlerle \u00fcretilen\u00a0 \u00a0Efe Ya\u015f \u00dcz\u00fcm Rak\u0131s\u0131, bak\u0131r imbiklerde dam\u0131t\u0131l\u0131p\u00a0 \u00a0 90 g\u00fcn dinlendirilerek kendine has aromas\u0131n\u0131 ve yumu\u015fak i\u00e7imini kazan\u0131r. T\u00fcrkiye&#8217;nin ilk ya\u015f \u00fcz\u00fcm rak\u0131s\u0131 olan \u00fcr\u00fcn, 2007\u2019de CoolBrands T\u00fcrkiye taraf\u0131ndan en \u201ccool\u201d 14 markadan biri se\u00e7ilmi\u015f, 2010\u2019da ise San Francisco World Spirit Competition\u2019da \u201cDouble Gold Medal\u201d \u00f6d\u00fcl\u00fcn\u00fc alm\u0131\u015ft\u0131r. EFE GOLD Dam\u0131t\u0131mdan \u015fi\u015felemeye kadar 4 ay s\u00fcresince \u00f6zenle dinlendirilmesiyle; me\u015fe f\u0131\u00e7\u0131da rengini al\u0131r ve yumu\u015fak i\u00e7imli k\u0131vam\u0131n\u0131 kazan\u0131r.\u00a0 \u00a0 \u00a0 \u00a0 \u00a0 \u00a0 \u00a0 \u00a0 \u00a0 \u00dcretimin hi\u00e7bir a\u015famas\u0131nda \u015feker eklenmez. EFE G\u00d6BEK \u00dcretiminde %100 \u00fcz\u00fcm sumas\u0131 kullan\u0131lan\u00a0 \u00a0 \u00a0 \u00a0 \u00a0 \u00a0 \u00a0 \u00a0Efe G\u00f6bek rak\u0131s\u0131, imbi\u011fin yaln\u0131zca g\u00f6be\u011finden elde edilen b\u00f6l\u00fcmden \u00fcretilir. 5 fraksiyonlu dam\u0131t\u0131m i\u015fleminin ortas\u0131nda yer alan ve &#8216;g\u00f6bek&#8217; ad\u0131yla bilinen 3. fraksiyonun ustal\u0131kla se\u00e7ilmi\u015f b\u00f6l\u00fcm\u00fcnden \u00fcretilir. \u00dcretiminde \u015feker kullan\u0131lmaz. EFE 3 D\u0130ST\u0130LE T\u00fcrkiye\u2019nin bak\u0131r imbiklerde 3 kere distile edilen\u00a0 \u00a0 \u00a0 ilk rak\u0131s\u0131d\u0131r. Anadolu \u00fcz\u00fcmlerinden elde edilen\u00a0 \u00a0 \u00a0 \u00a0 %100 \u00fcz\u00fcm sumas\u0131n\u0131n bak\u0131r imbiklerde 3 kez distileedilmesiyle ve bu dam\u0131t\u0131mlar\u0131n her birinde anason ile zenginle\u015ftirilmesiyle \u00fcretilmektedir. Bozda\u011f\u2019dan \u00f6zel olarak getirilen kaynak suyunun do\u011fall\u0131\u011f\u0131sayesinde p\u00fcr\u00fczs\u00fcz yap\u0131s\u0131na ula\u015f\u0131r. EFE TEK \u0130MB\u0130K Geleneksel tatlar\u0131 korumak i\u00e7in titizlikle haz\u0131rlanm\u0131\u015f orijinal Ege rak\u0131s\u0131d\u0131r. Kendi kendini temizleme \u00f6zelli\u011fine sahip ve tad\u0131 olumsuz etkileyen maddeleri ar\u0131nd\u0131ran nano bak\u0131r imbik kullan\u0131larak dam\u0131t\u0131lan ilk rak\u0131d\u0131r. EFE OAK BARREL %100 \u00fcz\u00fcm sumas\u0131ndan elde edilen ve bak\u0131r imbiklerde anason eklenip iki defa dam\u0131t\u0131lan\u00a0 \u00a0 \u00a0 \u00a0 \u00a0Efe Oak Barrel, Frans\u0131z ve Amerikan me\u015fesinden yap\u0131lm\u0131\u015f f\u0131\u00e7\u0131larda farkl\u0131 s\u00fcrelerde y\u0131lland\u0131r\u0131lm\u0131\u015f rak\u0131lar\u0131n \u00f6zg\u00fcn bir se\u00e7kisinden \u00fcretilmi\u015ftir.\u00a0 \u00a0 \u00a0 \u00a0 Serin ve sek t\u00fcketilmesi \u00f6nerilir.<\/p>","protected":false},"author":1,"featured_media":0,"parent":0,"menu_order":0,"comment_status":"closed","ping_status":"closed","template":"page-elementor.php","meta":{"_monsterinsights_skip_tracking":false,"_monsterinsights_sitenote_active":false,"_monsterinsights_sitenote_note":"","_monsterinsights_sitenote_category":0,"footnotes":""},"class_list":["post-2732","page","type-page","status-publish","hentry"],"aioseo_notices":[],"_links":{"self":[{"href":"https:\/\/eferaki.de\/de\/wp-json\/wp\/v2\/pages\/2732","targetHints":{"allow":["GET"]}}],"collection":[{"href":"https:\/\/eferaki.de\/de\/wp-json\/wp\/v2\/pages"}],"about":[{"href":"https:\/\/eferaki.de\/de\/wp-json\/wp\/v2\/types\/page"}],"author":[{"embeddable":true,"href":"https:\/\/eferaki.de\/de\/wp-json\/wp\/v2\/users\/1"}],"replies":[{"embeddable":true,"href":"https:\/\/eferaki.de\/de\/wp-json\/wp\/v2\/comments?post=2732"}],"version-history":[{"count":35,"href":"https:\/\/eferaki.de\/de\/wp-json\/wp\/v2\/pages\/2732\/revisions"}],"predecessor-version":[{"id":3274,"href":"https:\/\/eferaki.de\/de\/wp-json\/wp\/v2\/pages\/2732\/revisions\/3274"}],"wp:attachment":[{"href":"https:\/\/eferaki.de\/de\/wp-json\/wp\/v2\/media?parent=2732"}],"curies":[{"name":"wp","href":"https:\/\/api.w.org\/{rel}","templated":true}]}}