{"id":2652,"date":"2025-07-04T00:51:38","date_gmt":"2025-07-04T00:51:38","guid":{"rendered":"https:\/\/eferaki.de\/?page_id=2652"},"modified":"2025-08-19T12:04:57","modified_gmt":"2025-08-19T12:04:57","slug":"damitim-evi-ve-surecler","status":"publish","type":"page","link":"https:\/\/eferaki.de\/de\/damitim-evi-ve-surecler\/","title":{"rendered":"Brennerei und Prozesse"},"content":{"rendered":"<div data-elementor-type=\"wp-post\" data-elementor-id=\"2652\" class=\"elementor elementor-2652\">\n\t\t\t\t\t\t<section class=\"elementor-section elementor-top-section elementor-element elementor-element-be439a8 elementor-section-stretched elementor-section-full_width elementor-section-height-default elementor-section-height-default wpr-particle-no wpr-jarallax-no wpr-parallax-no wpr-sticky-section-no\" data-id=\"be439a8\" data-element_type=\"section\" data-settings=\"{&quot;stretch_section&quot;:&quot;section-stretched&quot;}\">\n\t\t\t\t\t\t<div class=\"elementor-container elementor-column-gap-no\">\n\t\t\t\t\t<div class=\"elementor-column elementor-col-100 elementor-top-column elementor-element elementor-element-adeb31d\" data-id=\"adeb31d\" data-element_type=\"column\">\n\t\t\t<div class=\"elementor-widget-wrap\">\n\t\t\t\t\t\t\t<\/div>\n\t\t<\/div>\n\t\t\t\t\t<\/div>\n\t\t<\/section>\n\t\t\t\t<section class=\"elementor-section elementor-top-section elementor-element elementor-element-92aa683 elementor-section-stretched elementor-section-full_width elementor-section-height-default elementor-section-height-default wpr-particle-no wpr-jarallax-no wpr-parallax-no wpr-sticky-section-no\" data-id=\"92aa683\" data-element_type=\"section\" data-settings=\"{&quot;stretch_section&quot;:&quot;section-stretched&quot;}\">\n\t\t\t\t\t\t<div class=\"elementor-container elementor-column-gap-no\">\n\t\t\t\t\t<div class=\"elementor-column elementor-col-100 elementor-top-column elementor-element elementor-element-c111410\" data-id=\"c111410\" data-element_type=\"column\">\n\t\t\t<div class=\"elementor-widget-wrap\">\n\t\t\t\t\t\t\t<\/div>\n\t\t<\/div>\n\t\t\t\t\t<\/div>\n\t\t<\/section>\n\t\t\t\t<section class=\"elementor-section elementor-top-section elementor-element elementor-element-2c1311d elementor-section-boxed elementor-section-height-default elementor-section-height-default wpr-particle-no wpr-jarallax-no wpr-parallax-no wpr-sticky-section-no\" data-id=\"2c1311d\" data-element_type=\"section\">\n\t\t\t\t\t\t<div class=\"elementor-container elementor-column-gap-no\">\n\t\t\t\t\t<div class=\"elementor-column elementor-col-100 elementor-top-column elementor-element elementor-element-e239213\" data-id=\"e239213\" data-element_type=\"column\" data-settings=\"{&quot;background_background&quot;:&quot;classic&quot;}\">\n\t\t\t<div class=\"elementor-widget-wrap elementor-element-populated\">\n\t\t\t\t\t\t<div class=\"elementor-element elementor-element-990d833 elementor-widget elementor-widget-image\" data-id=\"990d833\" data-element_type=\"widget\" data-widget_type=\"image.default\">\n\t\t\t\t<div class=\"elementor-widget-container\">\n\t\t\t\t\t\t\t\t\t\t\t\t\t\t\t<img fetchpriority=\"high\" decoding=\"async\" width=\"1920\" height=\"760\" src=\"https:\/\/eferaki.de\/wp-content\/uploads\/2025\/06\/U\u2560eRETI\u2560cM-copy.png\" class=\"attachment-2048x2048 size-2048x2048 wp-image-2503\" alt=\"\" srcset=\"https:\/\/eferaki.de\/wp-content\/uploads\/2025\/06\/U\u2560eRETI\u2560cM-copy.png 1920w, https:\/\/eferaki.de\/wp-content\/uploads\/2025\/06\/U\u2560eRETI\u2560cM-copy-300x119.png 300w, https:\/\/eferaki.de\/wp-content\/uploads\/2025\/06\/U\u2560eRETI\u2560cM-copy-1024x405.png 1024w, https:\/\/eferaki.de\/wp-content\/uploads\/2025\/06\/U\u2560eRETI\u2560cM-copy-768x304.png 768w, https:\/\/eferaki.de\/wp-content\/uploads\/2025\/06\/U\u2560eRETI\u2560cM-copy-1536x608.png 1536w, https:\/\/eferaki.de\/wp-content\/uploads\/2025\/06\/U\u2560eRETI\u2560cM-copy-700x277.png 700w, https:\/\/eferaki.de\/wp-content\/uploads\/2025\/06\/U\u2560eRETI\u2560cM-copy-600x238.png 600w\" sizes=\"(max-width: 1920px) 100vw, 1920px\" \/>\t\t\t\t\t\t\t\t\t\t\t\t\t\t\t<\/div>\n\t\t\t\t<\/div>\n\t\t\t\t<div class=\"elementor-element elementor-element-3414f7f elementor-widget elementor-widget-heading\" data-id=\"3414f7f\" data-element_type=\"widget\" data-widget_type=\"heading.default\">\n\t\t\t\t<div class=\"elementor-widget-container\">\n\t\t\t\t\t<h2 class=\"elementor-heading-title elementor-size-default\">Destillerie und Prozesse<\/h2>\t\t\t\t<\/div>\n\t\t\t\t<\/div>\n\t\t\t\t<div class=\"elementor-element elementor-element-4405fab elementor-widget elementor-widget-text-editor\" data-id=\"4405fab\" data-element_type=\"widget\" data-widget_type=\"text-editor.default\">\n\t\t\t\t<div class=\"elementor-widget-container\">\n\t\t\t\t\t        <div class=\"elementor-text-editor elementor-clearfix\"><p>Die Produktionsst\u00e4tte in Menderes, Izmir, erstreckt sich \u00fcber eine Fl\u00e4che von 28.454 m\u00b2.<br \/>Die Brennerei ist so systematisiert, dass sie mit maximaler Effizienz arbeitet und Bereiche<br \/>f\u00fcr die Verarbeitung von Trauben und Rosinen, die G\u00e4rung, die Sumach-Destillation, die Raki-Destillation, das Abschrecken<br \/>des Raki, das Absetzen und die Abf\u00fcllung sowie Spezialausr\u00fcstung f\u00fcr jeden Bereich umfasst.<br \/>Mit einer j\u00e4hrlichen Produktionskapazit\u00e4t von rund 14 Millionen Litern hat sich das Unternehmen zum Ziel gesetzt,<br \/>durch die Herstellung des besten Raki f\u00fcr die Konsumenten stolz zu wachsen.<br \/>Die Produktion beginnt mit der Verarbeitung getrockneter oder frischer Trauben. Die Produktion beginnt mit der Verarbeitung getrockneter oder frischer Trauben.<br \/>Die Produktion beginnt mit der Verarbeitung getrockneter oder frischer Trauben.<br \/>Durch Destillation wird ein hochwertiger Traubenalkohol namens \u201eSuma\u201c gewonnen.<br \/>Rak\u0131 wird durch Destillation von Suma mit Anissamen in Kupferbrennblasen hergestellt.<br \/>Bei diesem fraktionierten Destillationsverfahren wird der mittlere Teil als \u201eHerzst\u00fcck\u201c bezeichnet. F\u00fcr die Herstellung werden nat\u00fcrliche Wasserquellen und mineralstoffreiches Wasser verwendet.<br \/>Der Alkoholgehalt wird an den Trinkgeschmack angepasst. ede unserer Raki-Marken hat ihre eigene,<br \/>, einzigartige Produktionsmethode und Rezeptur.<\/p><\/div>\n        \t\t\t\t<\/div>\n\t\t\t\t<\/div>\n\t\t\t\t\t<\/div>\n\t\t<\/div>\n\t\t\t\t\t<\/div>\n\t\t<\/section>\n\t\t\t\t<\/div>","protected":false},"excerpt":{"rendered":"<p>DAMITIM EV\u0130 VE S\u00dcRE\u00c7LER\u0130 \u0130zmir Menderes\u2019te konumlanan \u00fcretim tesisi 28.454 m\u00b2 alanda kuruludur.Dam\u0131t\u0131m evi kapsam\u0131nda maksimum verimde \u00e7al\u0131\u015fma esas\u0131na uygun \u015fekilde sistemle\u015ftirilmi\u015f; ya\u015f\u00fcz\u00fcm ve kuru \u00fcz\u00fcm i\u015fleme, fermantasyon, suma distilasyonu, rak\u0131 distilasyonu, rak\u0131 s\u00f6nd\u00fcrme,dinlendirme ve \u015fi\u015feleme b\u00f6l\u00fcmleri ile bu b\u00f6l\u00fcmlere ait \u00f6zel ekipmanlar mevcuttur.Y\u0131lda yakla\u015f\u0131k 14 milyon litreye varan \u00fcretim kapasitesi ile t\u00fcketiciler i\u00e7in rak\u0131n\u0131n en iyisini \u00fcreterekgururla b\u00fcy\u00fcmeyi misyon edinmi\u015ftir.\u00dcretim, kuru veya ya\u015f \u00fcz\u00fcmlerin i\u015flenmesi ile ba\u015flar. \u015e\u0131ra elde edildikten sonra, uygun \u0131s\u0131lardafermentasyon i\u015flemi sa\u011flan\u0131r. Fermentasyon s\u00fcresi sonunda kolonlu distilasyon \u00fcnitesindedam\u0131t\u0131larak \u201csuma\u201d ad\u0131 verilen y\u00fcksek dereceli \u00fcz\u00fcm alkol\u00fc elde edilir. Suman\u0131n bak\u0131r imbiklerdeanason tohumu ile dam\u0131t\u0131m\u0131 neticesinde rak\u0131 \u00fcretimi yap\u0131l\u0131r. Fraksiyonel olan bu distilasyoni\u015fleminde, orta k\u0131s\u0131m \u201cg\u00f6bek\u201d diye nitelendirilir. Do\u011fal su kaynaklar\u0131ndan ve mineral dengeli su ilei\u00e7ilecek alkol derecesine ayarlan\u0131r. \u00dcretti\u011fimiz her bir rak\u0131 markas\u0131n\u0131n kendine has \u00fcretim \u015fekli vere\u00e7etesi bulunmaktad\u0131r.<\/p>","protected":false},"author":1,"featured_media":0,"parent":0,"menu_order":0,"comment_status":"closed","ping_status":"closed","template":"page-elementor.php","meta":{"_monsterinsights_skip_tracking":false,"_monsterinsights_sitenote_active":false,"_monsterinsights_sitenote_note":"","_monsterinsights_sitenote_category":0,"footnotes":""},"class_list":["post-2652","page","type-page","status-publish","hentry"],"aioseo_notices":[],"_links":{"self":[{"href":"https:\/\/eferaki.de\/de\/wp-json\/wp\/v2\/pages\/2652","targetHints":{"allow":["GET"]}}],"collection":[{"href":"https:\/\/eferaki.de\/de\/wp-json\/wp\/v2\/pages"}],"about":[{"href":"https:\/\/eferaki.de\/de\/wp-json\/wp\/v2\/types\/page"}],"author":[{"embeddable":true,"href":"https:\/\/eferaki.de\/de\/wp-json\/wp\/v2\/users\/1"}],"replies":[{"embeddable":true,"href":"https:\/\/eferaki.de\/de\/wp-json\/wp\/v2\/comments?post=2652"}],"version-history":[{"count":28,"href":"https:\/\/eferaki.de\/de\/wp-json\/wp\/v2\/pages\/2652\/revisions"}],"predecessor-version":[{"id":3100,"href":"https:\/\/eferaki.de\/de\/wp-json\/wp\/v2\/pages\/2652\/revisions\/3100"}],"wp:attachment":[{"href":"https:\/\/eferaki.de\/de\/wp-json\/wp\/v2\/media?parent=2652"}],"curies":[{"name":"wp","href":"https:\/\/api.w.org\/{rel}","templated":true}]}}