{"id":2645,"date":"2025-07-04T00:42:54","date_gmt":"2025-07-04T00:42:54","guid":{"rendered":"https:\/\/eferaki.de\/?page_id=2645"},"modified":"2025-08-25T12:53:20","modified_gmt":"2025-08-25T12:53:20","slug":"efenin-raki-kategorisinde-ilkleri","status":"publish","type":"page","link":"https:\/\/eferaki.de\/de\/efenin-raki-kategorisinde-ilkleri\/","title":{"rendered":"Efe&#8217;nin Rak\u0131 Kategorisinde ilkleri"},"content":{"rendered":"<div data-elementor-type=\"wp-post\" data-elementor-id=\"2645\" class=\"elementor elementor-2645\">\n\t\t\t\t\t\t<section class=\"elementor-section elementor-top-section elementor-element elementor-element-be439a8 elementor-section-stretched elementor-section-full_width elementor-section-height-default elementor-section-height-default wpr-particle-no wpr-jarallax-no wpr-parallax-no wpr-sticky-section-no\" data-id=\"be439a8\" data-element_type=\"section\" data-settings=\"{&quot;stretch_section&quot;:&quot;section-stretched&quot;}\">\n\t\t\t\t\t\t<div class=\"elementor-container elementor-column-gap-no\">\n\t\t\t\t\t<div class=\"elementor-column elementor-col-100 elementor-top-column elementor-element elementor-element-adeb31d\" data-id=\"adeb31d\" data-element_type=\"column\">\n\t\t\t<div class=\"elementor-widget-wrap\">\n\t\t\t\t\t\t\t<\/div>\n\t\t<\/div>\n\t\t\t\t\t<\/div>\n\t\t<\/section>\n\t\t\t\t<section class=\"elementor-section elementor-top-section elementor-element elementor-element-92aa683 elementor-section-stretched elementor-section-full_width elementor-section-height-default elementor-section-height-default wpr-particle-no wpr-jarallax-no wpr-parallax-no wpr-sticky-section-no\" data-id=\"92aa683\" data-element_type=\"section\" data-settings=\"{&quot;stretch_section&quot;:&quot;section-stretched&quot;}\">\n\t\t\t\t\t\t<div class=\"elementor-container elementor-column-gap-no\">\n\t\t\t\t\t<div class=\"elementor-column elementor-col-100 elementor-top-column elementor-element elementor-element-c111410\" data-id=\"c111410\" data-element_type=\"column\">\n\t\t\t<div class=\"elementor-widget-wrap\">\n\t\t\t\t\t\t\t<\/div>\n\t\t<\/div>\n\t\t\t\t\t<\/div>\n\t\t<\/section>\n\t\t\t\t<section class=\"elementor-section elementor-top-section elementor-element elementor-element-2c1311d elementor-section-boxed elementor-section-height-default elementor-section-height-default wpr-particle-no wpr-jarallax-no wpr-parallax-no wpr-sticky-section-no\" data-id=\"2c1311d\" data-element_type=\"section\">\n\t\t\t\t\t\t<div class=\"elementor-container elementor-column-gap-no\">\n\t\t\t\t\t<div class=\"elementor-column elementor-col-100 elementor-top-column elementor-element elementor-element-e239213\" data-id=\"e239213\" data-element_type=\"column\" data-settings=\"{&quot;background_background&quot;:&quot;classic&quot;}\">\n\t\t\t<div class=\"elementor-widget-wrap elementor-element-populated\">\n\t\t\t\t\t\t<div class=\"elementor-element elementor-element-990d833 elementor-widget elementor-widget-image\" data-id=\"990d833\" data-element_type=\"widget\" data-widget_type=\"image.default\">\n\t\t\t\t<div class=\"elementor-widget-container\">\n\t\t\t\t\t\t\t\t\t\t\t\t\t\t\t<img fetchpriority=\"high\" decoding=\"async\" width=\"1920\" height=\"960\" src=\"https:\/\/eferaki.de\/wp-content\/uploads\/2025\/08\/EFENIN-ILKLERI-copy-1.png\" class=\"attachment-2048x2048 size-2048x2048 wp-image-3063\" alt=\"\" srcset=\"https:\/\/eferaki.de\/wp-content\/uploads\/2025\/08\/EFENIN-ILKLERI-copy-1.png 1920w, https:\/\/eferaki.de\/wp-content\/uploads\/2025\/08\/EFENIN-ILKLERI-copy-1-300x150.png 300w, https:\/\/eferaki.de\/wp-content\/uploads\/2025\/08\/EFENIN-ILKLERI-copy-1-1024x512.png 1024w, https:\/\/eferaki.de\/wp-content\/uploads\/2025\/08\/EFENIN-ILKLERI-copy-1-768x384.png 768w, https:\/\/eferaki.de\/wp-content\/uploads\/2025\/08\/EFENIN-ILKLERI-copy-1-1536x768.png 1536w, https:\/\/eferaki.de\/wp-content\/uploads\/2025\/08\/EFENIN-ILKLERI-copy-1-1400x700.png 1400w, https:\/\/eferaki.de\/wp-content\/uploads\/2025\/08\/EFENIN-ILKLERI-copy-1-700x350.png 700w, https:\/\/eferaki.de\/wp-content\/uploads\/2025\/08\/EFENIN-ILKLERI-copy-1-600x300.png 600w\" sizes=\"(max-width: 1920px) 100vw, 1920px\" \/>\t\t\t\t\t\t\t\t\t\t\t\t\t\t\t<\/div>\n\t\t\t\t<\/div>\n\t\t\t\t<div class=\"elementor-element elementor-element-3414f7f elementor-widget elementor-widget-heading\" data-id=\"3414f7f\" data-element_type=\"widget\" data-widget_type=\"heading.default\">\n\t\t\t\t<div class=\"elementor-widget-container\">\n\t\t\t\t\t<h2 class=\"elementor-heading-title elementor-size-default\">EFE'S ERSTE IN DER RAKI-KATEGORIE.<\/h2>\t\t\t\t<\/div>\n\t\t\t\t<\/div>\n\t\t\t\t<div class=\"elementor-element elementor-element-4405fab elementor-widget elementor-widget-text-editor\" data-id=\"4405fab\" data-element_type=\"widget\" data-widget_type=\"text-editor.default\">\n\t\t\t\t<div class=\"elementor-widget-container\">\n\t\t\t\t\t        <div class=\"elementor-text-editor elementor-clearfix\"><p><span style=\"color: #d8a965;\"><strong>2004<\/strong><\/span> \u2192 Der erste privatwirtschaftlich gef\u00fchrte Rak\u0131<br \/><span style=\"color: #d8a965;\"><strong>2006<\/strong> <\/span>\u2192 Erster Trauben-Raki<br \/><span style=\"color: #d8a965;\"><strong>2006<\/strong> <\/span>\u2192 Dreifach destillierter erster Rak\u0131<br \/><span style=\"color: #d8a965;\"><strong>2006<\/strong> <\/span>\u2192 Erster Rak\u0131, gereift in Eichenf\u00e4ssern<br \/><strong><span style=\"color: #d8a965;\">2007 <\/span><\/strong>\u2192 Erster Bio-Rak\u0131<br \/><span style=\"color: #d8a965;\"><strong>2012<\/strong> <\/span>\u2192 Erster Rak\u0131, 5 Jahre in Eichenf\u00e4ssern gereift<br \/><span style=\"color: #d8a965;\"><strong>2015<\/strong> <\/span>\u2192 Der erste Rak\u0131, der in Eichenf\u00e4ssern gereift und ohne Zuckerzusatz hergestellt wurde (EFE GOLD)<br \/><span style=\"color: #d8a965;\"><strong>2015<\/strong> <\/span>\u2192 Erste Raki-Mischung<br \/><span style=\"color: #d8a965;\"><strong>2016<\/strong> <\/span>Der erste Rak\u0131, der mit Mikrooxygenierungstechnologie hergestellt wurde<br \/><span style=\"color: #d8a965;\"><strong>2016<\/strong> <\/span>\u2192 Nano Bak\u0131r \u0130mbik Kullan\u0131larak \u00dcretilen \u0130lk Rak\u0131<br \/><span style=\"color: #d8a965;\"><strong>2017<\/strong> <\/span>\u2192 Der erste Rak\u0131, der nach traditionellen Methoden in Kupferbrennblasen destilliert wurde<br \/><span style=\"color: #d8a965;\"><strong>2021<\/strong> <\/span>\u2192 Der erste Raki reifte in Eichenf\u00e4ssern nach dem Solera-Verfahren.<\/p><\/div>\n        \t\t\t\t<\/div>\n\t\t\t\t<\/div>\n\t\t\t\t\t<\/div>\n\t\t<\/div>\n\t\t\t\t\t<\/div>\n\t\t<\/section>\n\t\t\t\t<\/div>","protected":false},"excerpt":{"rendered":"<p>EFE&#8217;N\u0130N RAKI KATEGOR\u0130S\u0130NDEK\u0130 \u0130LKLER\u0130 2004 \u2192 \u0130lk \u00d6zel Sekt\u00f6r Rak\u0131s\u01312006 \u2192 \u0130lk Ya\u015f \u00dcz\u00fcm Rak\u0131s\u01312006 \u2192 3 Kere Distile Edilmi\u015f \u0130lk Rak\u01312006 \u2192 Me\u015fe F\u0131\u00e7\u0131da Dinlendirilmi\u015f \u0130lk Rak\u01312007 \u2192 \u0130lk Organik Rak\u01312012 \u2192 5 Y\u0131l Me\u015fe F\u0131\u00e7\u0131da Dinlenmi\u015f \u0130lk Rak\u01312015 \u2192 Me\u015fe F\u0131\u00e7\u0131da Dinlendirilmi\u015f Ve \u015eeker \u0130lavesiz Olarak \u00dcretilmi\u015f \u0130lk Rak\u0131 (EFE GOLD)2015 \u2192 \u0130lk Harman Rak\u0131s\u01312016 \u2192 Mikro Oksinejenasyon Teknolojisiyle \u00dcretilmi\u015f \u0130lk Rak\u01312016 \u2192 Nano Bak\u0131r \u0130mbik Kullan\u0131larak \u00dcretilen \u0130lk Rak\u01312017 \u2192 Geleneksel Y\u00f6ntemler Kullan\u0131larak Bak\u0131r \u0130mbiklerde Dam\u0131t\u0131lan \u0130lk Rak\u01312021 \u2192 Solera Sisteminde Me\u015fe F\u0131\u00e7\u0131da Dinlendirilerek Olgunla\u015ft\u0131r\u0131lan \u0130lk Rak\u0131<\/p>","protected":false},"author":1,"featured_media":0,"parent":0,"menu_order":0,"comment_status":"closed","ping_status":"closed","template":"page-elementor.php","meta":{"_monsterinsights_skip_tracking":false,"_monsterinsights_sitenote_active":false,"_monsterinsights_sitenote_note":"","_monsterinsights_sitenote_category":0,"footnotes":""},"class_list":["post-2645","page","type-page","status-publish","hentry"],"aioseo_notices":[],"_links":{"self":[{"href":"https:\/\/eferaki.de\/de\/wp-json\/wp\/v2\/pages\/2645","targetHints":{"allow":["GET"]}}],"collection":[{"href":"https:\/\/eferaki.de\/de\/wp-json\/wp\/v2\/pages"}],"about":[{"href":"https:\/\/eferaki.de\/de\/wp-json\/wp\/v2\/types\/page"}],"author":[{"embeddable":true,"href":"https:\/\/eferaki.de\/de\/wp-json\/wp\/v2\/users\/1"}],"replies":[{"embeddable":true,"href":"https:\/\/eferaki.de\/de\/wp-json\/wp\/v2\/comments?post=2645"}],"version-history":[{"count":40,"href":"https:\/\/eferaki.de\/de\/wp-json\/wp\/v2\/pages\/2645\/revisions"}],"predecessor-version":[{"id":3182,"href":"https:\/\/eferaki.de\/de\/wp-json\/wp\/v2\/pages\/2645\/revisions\/3182"}],"wp:attachment":[{"href":"https:\/\/eferaki.de\/de\/wp-json\/wp\/v2\/media?parent=2645"}],"curies":[{"name":"wp","href":"https:\/\/api.w.org\/{rel}","templated":true}]}}