{"id":2443,"date":"2019-05-23T03:49:00","date_gmt":"2019-05-23T03:49:00","guid":{"rendered":"http:\/\/source.wpopal.com\/passo-bosco\/?page_id=158"},"modified":"2025-12-15T13:59:01","modified_gmt":"2025-12-15T13:59:01","slug":"efe-rakinin-hikayesi-2","status":"publish","type":"page","link":"https:\/\/eferaki.de\/de\/efe-rakinin-hikayesi-2\/","title":{"rendered":"Efe Rak\u0131&#8217;n\u0131n Hikayesi"},"content":{"rendered":"<div data-elementor-type=\"wp-post\" data-elementor-id=\"2443\" class=\"elementor elementor-2443\">\n\t\t\t\t\t\t<section class=\"elementor-section elementor-top-section elementor-element elementor-element-be439a8 elementor-section-stretched elementor-section-full_width elementor-section-height-default elementor-section-height-default wpr-particle-no wpr-jarallax-no wpr-parallax-no wpr-sticky-section-no\" data-id=\"be439a8\" data-element_type=\"section\" data-settings=\"{&quot;stretch_section&quot;:&quot;section-stretched&quot;}\">\n\t\t\t\t\t\t<div class=\"elementor-container elementor-column-gap-no\">\n\t\t\t\t\t<div class=\"elementor-column elementor-col-100 elementor-top-column elementor-element elementor-element-adeb31d\" data-id=\"adeb31d\" data-element_type=\"column\">\n\t\t\t<div class=\"elementor-widget-wrap\">\n\t\t\t\t\t\t\t<\/div>\n\t\t<\/div>\n\t\t\t\t\t<\/div>\n\t\t<\/section>\n\t\t\t\t<section class=\"elementor-section elementor-top-section elementor-element elementor-element-92aa683 elementor-section-stretched elementor-section-full_width elementor-section-height-default elementor-section-height-default wpr-particle-no wpr-jarallax-no wpr-parallax-no wpr-sticky-section-no\" data-id=\"92aa683\" data-element_type=\"section\" data-settings=\"{&quot;stretch_section&quot;:&quot;section-stretched&quot;}\">\n\t\t\t\t\t\t<div class=\"elementor-container elementor-column-gap-no\">\n\t\t\t\t\t<div class=\"elementor-column elementor-col-100 elementor-top-column elementor-element elementor-element-c111410\" data-id=\"c111410\" data-element_type=\"column\">\n\t\t\t<div class=\"elementor-widget-wrap\">\n\t\t\t\t\t\t\t<\/div>\n\t\t<\/div>\n\t\t\t\t\t<\/div>\n\t\t<\/section>\n\t\t\t\t<section class=\"elementor-section elementor-top-section elementor-element elementor-element-2c1311d elementor-section-boxed elementor-section-height-default elementor-section-height-default wpr-particle-no wpr-jarallax-no wpr-parallax-no wpr-sticky-section-no\" data-id=\"2c1311d\" data-element_type=\"section\">\n\t\t\t\t\t\t<div class=\"elementor-container elementor-column-gap-no\">\n\t\t\t\t\t<div class=\"elementor-column elementor-col-100 elementor-top-column elementor-element elementor-element-e239213\" data-id=\"e239213\" data-element_type=\"column\" data-settings=\"{&quot;background_background&quot;:&quot;classic&quot;}\">\n\t\t\t<div class=\"elementor-widget-wrap elementor-element-populated\">\n\t\t\t\t\t\t<div class=\"elementor-element elementor-element-990d833 elementor-widget__width-initial elementor-widget elementor-widget-image\" data-id=\"990d833\" data-element_type=\"widget\" data-widget_type=\"image.default\">\n\t\t\t\t<div class=\"elementor-widget-container\">\n\t\t\t\t\t\t\t\t\t\t\t\t<figure class=\"wp-caption\">\n\t\t\t\t\t\t\t\t\t\t<img fetchpriority=\"high\" decoding=\"async\" width=\"1536\" height=\"608\" src=\"https:\/\/eferaki.de\/wp-content\/uploads\/2025\/12\/TARI\u2560cHC\u2560gE-copy-1536x608-1.png\" class=\"attachment-1536x1536 size-1536x1536 wp-image-3275\" alt=\"\" srcset=\"https:\/\/eferaki.de\/wp-content\/uploads\/2025\/12\/TARI\u2560cHC\u2560gE-copy-1536x608-1.png 1536w, https:\/\/eferaki.de\/wp-content\/uploads\/2025\/12\/TARI\u2560cHC\u2560gE-copy-1536x608-1-300x119.png 300w, https:\/\/eferaki.de\/wp-content\/uploads\/2025\/12\/TARI\u2560cHC\u2560gE-copy-1536x608-1-1024x405.png 1024w, https:\/\/eferaki.de\/wp-content\/uploads\/2025\/12\/TARI\u2560cHC\u2560gE-copy-1536x608-1-768x304.png 768w, https:\/\/eferaki.de\/wp-content\/uploads\/2025\/12\/TARI\u2560cHC\u2560gE-copy-1536x608-1-18x7.png 18w, https:\/\/eferaki.de\/wp-content\/uploads\/2025\/12\/TARI\u2560cHC\u2560gE-copy-1536x608-1-700x277.png 700w\" sizes=\"(max-width: 1536px) 100vw, 1536px\" \/>\t\t\t\t\t\t\t\t\t\t\t<figcaption class=\"widget-image-caption wp-caption-text\"><\/figcaption>\n\t\t\t\t\t\t\t\t\t\t<\/figure>\n\t\t\t\t\t\t\t\t\t<\/div>\n\t\t\t\t<\/div>\n\t\t\t\t<div class=\"elementor-element elementor-element-3414f7f elementor-widget elementor-widget-heading\" data-id=\"3414f7f\" data-element_type=\"widget\" data-widget_type=\"heading.default\">\n\t\t\t\t<div class=\"elementor-widget-container\">\n\t\t\t\t\t<h2 class=\"elementor-heading-title elementor-size-default\">DIE GESCHICHTE VON EFE RAKI<\/h2>\t\t\t\t<\/div>\n\t\t\t\t<\/div>\n\t\t\t\t<div class=\"elementor-element elementor-element-4405fab elementor-widget__width-initial elementor-widget elementor-widget-text-editor\" data-id=\"4405fab\" data-element_type=\"widget\" data-widget_type=\"text-editor.default\">\n\t\t\t\t<div class=\"elementor-widget-container\">\n\t\t\t\t\t        <div class=\"elementor-text-editor elementor-clearfix\"><p>Nach der Aufhebung des staatlichen Monopols auf die Herstellung und den Verkauf von destillierten alkoholischen Getr\u00e4nken in der T\u00fcrkei begann Efe im Jahr 2002 mit den Vorbereitungen f\u00fcr Raki-Produktionsanlagen.<\/p><p>Efe wurde im August 2004 zun\u00e4chst in Deutschland und dann in der T\u00fcrkei gegr\u00fcndet und \u00fcbertraf seine Ziele, indem es innerhalb der ersten sechs Monate seine gesamte Produktion in Verk\u00e4ufe umwandelte.<\/p><p>Aufgrund der gro\u00dfen Beliebtheit von Efe auf dem Markt wurde die Produktionskapazit\u00e4t ab 2005 von 5 Millionen Litern auf rund 14 Millionen Liter pro Jahr erh\u00f6ht, um der steigenden Nachfrage gerecht zu werden.<\/p><p>Der heutige Erfolg von Efe ist ma\u00dfgeblich auf die Pr\u00e4ferenzen der Verbraucher sowie auf eine effektive Markenpositionierung und Innovation zur\u00fcckzuf\u00fchren. In einem Markt, in dem Gewohnheiten und Konsumentscheidungen so tief verwurzelt sind, gelang es Efe, trotz der schwierigen Marktbedingungen und der Einf\u00fchrung eines v\u00f6llig neuen Produkts, einen treuen Kundenstamm aufzubauen.<\/p><p>\u00a0 \u00a0 \u00a0 \u00a0 \u00a0 \u00a0 \u00a0 \u00a0 \u00a0 \u00a0 \u00a0 \u00a0Zu den zuk\u00fcnftigen Markenstrategien von Efe geh\u00f6rt es, den einzigartigen Geschmack der Efe-Produkte noch mehr Menschen zug\u00e4nglich zu machen.<\/p><p>\u00a0 \u00a0 \u00a0 \u00a0 \u00a0 \u00a0 \u00a0Die Pionierleistungen von Efe im Bereich der Verbrauchersicherheit werden auch von den Wettbewerbern \u00fcbernommen, und dies ist ein bedeutender Vorteil, der Efe von anderen abhebt.<\/p><p>Nach den j\u00fcngsten Skandalen um gef\u00e4lschte Alkoholika hat Efe zahlreiche Sicherheitsinnovationen eingef\u00fchrt. Als erstes Unternehmen entwickelte Efe ein kugelgelagertes Verschlusssystem mit erh\u00f6hter Sicherheit, das F\u00e4lschungen unm\u00f6glich macht. Ein roter Streifen, der beim \u00d6ffnen des Verschlusses sichtbar wird und beim Schlie\u00dfen nicht verschwindet, ist eine weitere Sicherheitsma\u00dfnahme. Zus\u00e4tzlich sorgen ein lasergravierter Produktionscode und ein Hologramm-Etikett f\u00fcr zus\u00e4tzliche Sicherheit.<\/p><p>Auf dem t\u00fcrkischen Raki-Markt, wo Marketingaktivit\u00e4ten seit Jahren verboten sind, beschreitet Efe mit einer innovativen Vision neue Wege. Unerm\u00fcdlich arbeitet Efe daran, die Raki-Kultur wiederzubeleben und zu bewahren, und entwickelt kontinuierlich neue Produkte und Innovationen, um zu dieser Kultur beizutragen.<\/p><\/div>\n        \t\t\t\t<\/div>\n\t\t\t\t<\/div>\n\t\t\t\t\t<\/div>\n\t\t<\/div>\n\t\t\t\t\t<\/div>\n\t\t<\/section>\n\t\t\t\t<\/div>","protected":false},"excerpt":{"rendered":"<p>EFE RAKI&#8217;NIN H\u0130KAYES\u0130 Efe T\u00fcrkiye\u2019deki distile alkoll\u00fc i\u00e7ki \u00fcretim ve sat\u0131\u015f\u0131na y\u00f6nelik devlet tekelinin kalkmas\u0131yla birlikte 2002 y\u0131l\u0131nda rak\u0131 \u00fcretimi i\u00e7in tesis \u00e7al\u0131\u015fmalar\u0131na ba\u015flad\u0131. Efe, 2004 y\u0131l\u0131n\u0131n A\u011fustos ay\u0131nda \u00f6nce Almanya\u2019da, sonra da T\u00fcrkiye\u2019de t\u00fcketicilerle bulu\u015ftu ve ilk 6 ay i\u00e7erisinde t\u00fcm \u00fcretimin sat\u0131\u015fa d\u00f6n\u00fc\u015fmesiyle hedeflerin \u00fczerinde bir ba\u015far\u0131 yakalad\u0131. Efe\u2019nin pazarda bu kadar be\u011fenilmesi \u00fczerine artan talebi kar\u015f\u0131lamak i\u00e7in 2005 y\u0131l\u0131 itibariyle \u00fcretim kapasitesi y\u0131ll\u0131k 5 milyon litreden yakla\u015f\u0131k 14 milyon litreye \u00e7\u0131kar\u0131ld\u0131. Efe\u2019nin bug\u00fcnk\u00fc ba\u015far\u0131s\u0131n\u0131n ard\u0131nda t\u00fcketici be\u011fenilerinin yan\u0131 s\u0131ra, do\u011fru marka pozisyonlamas\u0131 ve inovasyonun rol\u00fc b\u00fcy\u00fckt\u00fcr. Al\u0131\u015fkanl\u0131k ve t\u00fcketici se\u00e7imlerinin bu derece k\u00f6kl\u00fc oldu\u011fu bir pazarda, t\u00fcketicilerin kar\u015f\u0131s\u0131na yepyeni bir \u00fcr\u00fcn olarak \u00e7\u0131kan Efe; pazar\u0131n bu zorlu yap\u0131s\u0131na ra\u011fmen sad\u0131k bir m\u00fc\u015fteri kitlesi olu\u015fturmay\u0131 ba\u015fard\u0131. \u00a0 \u00a0 \u00a0 \u00a0 \u00a0 \u00a0 \u00a0 \u00a0 \u00a0 \u00a0 \u00a0 \u00a0Efe\u2019nin bundan sonraki marka stratejileri aras\u0131nda Efe \u00fcr\u00fcnlerinin benzersiz lezzetini\u00a0 \u00a0 \u00a0 \u00a0 \u00a0 \u00a0 \u00a0 \u00a0 \u00a0 \u00a0 \u00a0 \u00a0 \u00a0 \u00a0 daha \u00e7ok insana ula\u015ft\u0131rmak var. \u00a0 \u00a0 \u00a0 \u00a0 \u00a0 \u00a0 \u00a0Efe\u2019nin t\u00fcketici g\u00fcvenli\u011fi konusunda sekt\u00f6re getirdi\u011fi ilkler de rakipleri taraf\u0131ndan takip edilen,\u00a0 \u00a0 \u00a0 \u00a0 \u00a0 \u00a0 \u00a0 Efe\u2019yi farkl\u0131 k\u0131lan \u00f6nemli bir ayr\u0131cal\u0131k. Ya\u015fanan sahte alkol skandallar\u0131 neticesinde Efe g\u00fcvenlik anlam\u0131nda pek \u00e7ok yenili\u011fe imza att\u0131. Taklidi imkans\u0131z k\u0131lan, g\u00fcvenlik sistemli, bilyeli kapak uygulamas\u0131n\u0131 ilk kez Efe geli\u015ftirdi. Kapak a\u00e7\u0131ld\u0131\u011f\u0131nda ortaya \u00e7\u0131kan ve kapak tekrar kapat\u0131ld\u0131\u011f\u0131nda kaybolmayan k\u0131rm\u0131z\u0131 \u015ferit de g\u00fcvenli\u011fe y\u00f6nelik \u00f6nlemlerden bir di\u011feri oldu. Bunun yan\u0131 s\u0131ra lazer ile yaz\u0131lan \u00fcretim kodu ve holograml\u0131 etiket de ekstra g\u00fcvenlik \u00f6nlemleri aras\u0131ndad\u0131r. Y\u0131llar boyunca pazarlama faaliyetlerinin yasakl\u0131 oldu\u011fu T\u00fcrkiye rak\u0131 pazar\u0131nda, Efe yenilik\u00e7i bir vizyon ile ilklere imza at\u0131yor. Rak\u0131 k\u00fclt\u00fcr\u00fcn\u00fc canland\u0131rmak ve ya\u015fatmak i\u00e7in canla ba\u015fla \u00e7al\u0131\u015fan Efe, bu k\u00fclt\u00fcre katk\u0131da bulunmak i\u00e7in \u00fcr\u00fcn ve inovasyonlara imza atmaya devam ediyor.<\/p>","protected":false},"author":1,"featured_media":0,"parent":0,"menu_order":0,"comment_status":"closed","ping_status":"closed","template":"page-elementor.php","meta":{"_monsterinsights_skip_tracking":false,"_monsterinsights_sitenote_active":false,"_monsterinsights_sitenote_note":"","_monsterinsights_sitenote_category":0,"footnotes":""},"class_list":["post-2443","page","type-page","status-publish","hentry"],"aioseo_notices":[],"_links":{"self":[{"href":"https:\/\/eferaki.de\/de\/wp-json\/wp\/v2\/pages\/2443","targetHints":{"allow":["GET"]}}],"collection":[{"href":"https:\/\/eferaki.de\/de\/wp-json\/wp\/v2\/pages"}],"about":[{"href":"https:\/\/eferaki.de\/de\/wp-json\/wp\/v2\/types\/page"}],"author":[{"embeddable":true,"href":"https:\/\/eferaki.de\/de\/wp-json\/wp\/v2\/users\/1"}],"replies":[{"embeddable":true,"href":"https:\/\/eferaki.de\/de\/wp-json\/wp\/v2\/comments?post=2443"}],"version-history":[{"count":58,"href":"https:\/\/eferaki.de\/de\/wp-json\/wp\/v2\/pages\/2443\/revisions"}],"predecessor-version":[{"id":3282,"href":"https:\/\/eferaki.de\/de\/wp-json\/wp\/v2\/pages\/2443\/revisions\/3282"}],"wp:attachment":[{"href":"https:\/\/eferaki.de\/de\/wp-json\/wp\/v2\/media?parent=2443"}],"curies":[{"name":"wp","href":"https:\/\/api.w.org\/{rel}","templated":true}]}}